{"id":839,"date":"2025-01-09T12:20:42","date_gmt":"2025-01-09T12:20:42","guid":{"rendered":"https:\/\/preview.treethemes.com\/willow\/portfolios\/?page_id=145"},"modified":"2025-01-09T12:20:42","modified_gmt":"2025-01-09T12:20:42","slug":"wide-portfolio","status":"publish","type":"page","link":"https:\/\/themassif.com\/pt\/wide-portfolio\/","title":{"rendered":"Wide Portfolio"},"content":{"rendered":"<div class=\"wpb-content-wrapper\"><div class=\"vc_row wpb_row vc_row-fluid\"><div class=\"wpb_column vc_column_container vc_col-sm-12\"><div class=\"vc_column-inner\"><div class=\"wpb_wrapper\"><div class=\"ult-spacer spacer-69dec262b80d4\" data-id=\"69dec262b80d4\" data-height=\"150\" data-height-mobile=\"80\" data-height-tab=\"120\" data-height-tab-portrait=\"120\" data-height-mobile-landscape=\"80\" style=\"clear:both;display:block;\"><\/div><\/div><\/div><\/div><\/div><div class=\"vc_row wpb_row vc_row-fluid\"><div class=\"wpb_column vc_column_container vc_col-sm-2\"><div class=\"vc_column-inner\"><div class=\"wpb_wrapper\"><div class=\"vc_empty_space\"   style=\"height: 20px\"><span class=\"vc_empty_space_inner\"><\/span><\/div><\/div><\/div><\/div><div class=\"wpb_animate_when_almost_visible wpb_fadeInUp fadeInUp wpb_column vc_column_container vc_col-sm-8\"><div class=\"vc_column-inner vc_custom_1736460268225\"><div class=\"wpb_wrapper\"><div data-rellax-speed=\"0.7\" data-rellax-percentage=\"0.7\" data-splitting=\"chars\" class=\"vc_row wpb_row vc_inner vc_row-fluid\"><div class=\"wpb_column vc_column_container vc_col-sm-12\"><div class=\"vc_column-inner\"><div class=\"wpb_wrapper\"><h2 style=\"text-align: center\" class=\"vc_custom_heading vc_do_custom_heading small-image-after wpb_animate_when_almost_visible wpb_charsAnimInLong-1 charsAnimInLong-1\" >SELECTED WORK<img decoding=\"async\" loading=\"lazy\" class=\"hs-image-3\" src=\"\"\/><\/h2><\/div><\/div><\/div><\/div><div class=\"ult-spacer spacer-69dec262ba582\" data-id=\"69dec262ba582\" data-height=\"30\" data-height-mobile=\"0\" data-height-tab=\"\" data-height-tab-portrait=\"\" data-height-mobile-landscape=\"0\" style=\"clear:both;display:block;\"><\/div><div data-rellax-speed=\"0.7\" data-rellax-percentage=\"0.7\" class=\"vc_row wpb_row vc_inner vc_row-fluid\"><div class=\"wpb_column vc_column_container vc_col-sm-12\"><div class=\"vc_column-inner\"><div class=\"wpb_wrapper\"><div id=\"ultv-1763\" class=\"ult-dual-color ult-adjust-bottom-margin ult-dual-color-responsive-none ultv-1763 mark-decoration-2 \"><div class=\"ult-module-content ult-dual-color-heading\" style=\"text-align:center;\">\n\t\t\t\t\t\t<p><span class=\"ult-before-heading\">\n\t\t\t\t\t\t\t\t\t<span class=\"ult-dual-heading-text ult-first-text ult-responsive\"  data-ultimate-target='.ult-dual-color.ultv-1763 .ult-dual-heading-text'  data-responsive-json-new='{\"font-size\":\"desktop:20px;\",\"line-height\":\"\"}'  style=\"     border:none; font-weight:normal;\">We believe in making<\/span>\n\t\t\t\t\t\t\t\t<\/span><span class=\"ult-adv-heading\" style=\"\">\n\t\t\t\t\t\t\t\t\t<span class=\"ult-dual-adv-heading-text ult-highlight-text ult-responsive\"  data-ultimate-target='.ult-dual-color.ultv-1763 .ult-highlight-text'  data-responsive-json-new='{\"font-size\":\"desktop:20px;\",\"line-height\":\"\"}'  style=\"     border:none; font-weight:normal;\">the best work<\/span>\n\t\t\t\t\t\t\t\t<\/span><span class=\"ult-after-heading\">\n\t\t\t\t\t\t\t\t\t<span class=\"ult-dual-heading-text ult-third-text\"  data-ultimate-target='.ult-dual-color.ultv-1763 .ult-dual-heading-text'  data-responsive-json-new='{\"font-size\":\"desktop:20px;\",\"line-height\":\"\"}'  style=\"     border:none; font-weight:normal;\">, and being the best to work with. We help brands &amp; businesses stand out in the changing digital landscape.<\/span>\n\t\t\t\t\t\t\t\t<\/span><\/p> <\/div><\/div><\/div><\/div><\/div><\/div><\/div><\/div><\/div><div class=\"wpb_column vc_column_container vc_col-sm-2\"><div class=\"vc_column-inner\"><div class=\"wpb_wrapper\"><\/div><\/div><\/div><\/div><div data-vc-full-width=\"true\" data-vc-full-width-temp=\"true\" data-vc-full-width-init=\"false\" data-vc-stretch-content=\"true\" class=\"vc_row wpb_row vc_row-fluid vc_row-no-padding\"><div class=\"wpb_column vc_column_container vc_col-sm-4\"><div class=\"vc_column-inner\"><div class=\"wpb_wrapper\"><\/div><\/div><\/div><div class=\"wpb_animate_when_almost_visible wpb_fadeIn fadeIn wpb_column vc_column_container vc_col-sm-4\"><div class=\"vc_column-inner\"><div class=\"wpb_wrapper\"><div class=\"ult-spacer spacer-69dec262bb1de\" data-id=\"69dec262bb1de\" data-height=\"70\" data-height-mobile=\"50\" data-height-tab=\"\" data-height-tab-portrait=\"\" data-height-mobile-landscape=\"50\" style=\"clear:both;display:block;\"><\/div><div class=\"vc_separator wpb_content_element vc_separator_align_center vc_sep_width_30 vc_sep_border_width_3 vc_sep_pos_align_center vc_separator_no_text wpb_content_element  wpb_content_element wpb_animate_when_almost_visible wpb_clipRightIn clipRightIn wpb_animate_when_almost_visible wpb_clipRightIn clipRightIn\" ><span class=\"vc_sep_holder vc_sep_holder_l\"><span style=\"border-color:#111111;\" class=\"vc_sep_line\"><\/span><\/span><span class=\"vc_sep_holder vc_sep_holder_r\"><span style=\"border-color:#111111;\" class=\"vc_sep_line\"><\/span><\/span>\n<\/div><div class=\"ult-spacer spacer-69dec262bb65a\" data-id=\"69dec262bb65a\" data-height=\"70\" data-height-mobile=\"50\" data-height-tab=\"\" data-height-tab-portrait=\"\" data-height-mobile-landscape=\"50\" style=\"clear:both;display:block;\"><\/div><\/div><\/div><\/div><div class=\"wpb_column vc_column_container vc_col-sm-4\"><div class=\"vc_column-inner\"><div class=\"wpb_wrapper\"><\/div><\/div><\/div><\/div><div class=\"vc_row-full-width vc_clearfix\"><\/div><div data-vc-full-width=\"true\" data-vc-full-width-temp=\"true\" data-vc-full-width-init=\"false\" data-vc-stretch-content=\"true\" class=\"vc_row wpb_row vc_row-fluid vc_row-no-padding\"><div class=\"wpb_column vc_column_container vc_col-sm-12\"><div class=\"vc_column-inner\"><div class=\"wpb_wrapper\"><style type='text\/css'>#cbpw-wrap190 {margin:0px 0px 0px 0px;}#cbpw-grid190 .cbp-l-caption-title {color:#FFFFFF;background-color:transparent;font-size:25px;font-family:Open Sans;font-weight:400;font-style:normal;line-height:21px;text-align:center;padding:0px 0px 0px 0px;margin:31% 0px 0px 0px;text-transform:none;}#cbpw-grid190 .cbp-l-caption-desc {color:#ffffff;background-color:transparent;font-size:16PX;font-family:Open Sans;font-weight:400;font-style:normal;line-height:18px;text-align:center;padding:0px 0px 0px 0px;margin:8px 0px 0px 0px;text-transform:none;}#cbpw-grid190 .cbp-caption-activeWrap {background-color:rgba(0,0,0,0.85);}#cbpw-filters190 .cbp-filter-item {background-color:#FFFFFF;border-width:1px 1px 1px 1px;border-style:solid;border-color:#ECECEC;color:#888888;font-size:12px;font-family:Open Sans,sans-serif;font-weight:400;font-style:normal;line-height:32px;margin:0px 10px 10px 0px;padding:0px 17px 0px 17px;text-transform:none;}#cbpw-filters190 .cbp-filter-item:hover {background-color:#FFFFFF;border-width:1px 1px 1px 1px;border-style:solid;border-color:#DADADA;color:#545454;font-size:12px;font-family:Open Sans,sans-serif;font-weight:400;font-style:normal;line-height:32px;margin:0px 10px 10px 0px;padding:0px 17px 0px 17px;text-transform:none;}#cbpw-filters190 .cbp-filter-item.cbp-filter-item-active {background-color:#545454;border-width:1px 1px 1px 1px;border-style:solid;border-color:#5d5d5d;color:#fff;font-size:12px;font-family:Open Sans,sans-serif;font-weight:400;font-style:normal;line-height:32px;margin:0px 10px 10px 0px;padding:0px 17px 0px 17px;text-transform:none;}#cbpw-filters190 .cbp-filter-item.cbp-filter-item-active:hover {background-color:#545454;border-width:1px 1px 1px 1px;border-style:solid;border-color:#5d5d5d;color:#fff;font-size:12px;font-family:Open Sans,sans-serif;font-weight:400;font-style:normal;line-height:32px;margin:0px 10px 10px 0px;padding:0px 17px 0px 17px;text-transform:none;}#cbpw-filters190 .cbp-filter-counter {background-color:#545454;color:#fff;font-size:11px;font-family:Open Sans,sans-serif;font-weight:400;font-style:normal;line-height:18px;padding:4px 0px 4px 0px;}#cbpw-filters190 .cbp-filter-counter:after {border-color:#545454 transparent;}#cbpw-loadMore190 .cbp-l-loadMore-link {color:#7E7B7B;background-color:transparent;border-width:1px 1px 1px 1px;border-style:solid;border-color:#DEDEDE;font-size:12px;font-family:Open Sans,sans-serif;font-weight:400;font-style:normal;line-height:34px;text-align:center;padding:0px 30px 0px 30px;margin:40px 0px 0px 0px;text-transform:none;}#cbpw-loadMore190 .cbp-l-loadMore-link:hover {color:#B0B0B0;background-color:transparent;border-width:1px 1px 1px 1px;border-style:solid;border-color:#DEDEDE;font-size:12px;font-family:Open Sans,sans-serif;font-weight:400;font-style:normal;line-height:34px;text-align:center;padding:0px 30px 0px 30px;margin:40px 0px 0px 0px;text-transform:none;}#cbpw-loadMore190 .cbp-l-loadMore-loading {color:#B0B0B0;background-color:transparent;border-width:1px 1px 1px 1px;border-style:solid;border-color:#DEDEDE;font-size:12px;font-family:Open Sans,sans-serif;font-weight:400;font-style:normal;line-height:34px;text-align:center;padding:0px 30px 0px 30px;margin:40px 0px 0px 0px;text-transform:none;}#cbpw-loadMore190 .cbp-l-loadMore-loading:hover {color:#B0B0B0;background-color:transparent;border-width:1px 1px 1px 1px;border-style:solid;border-color:#DEDEDE;font-size:12px;font-family:Open Sans,sans-serif;font-weight:400;font-style:normal;line-height:34px;text-align:center;padding:0px 30px 0px 30px;margin:40px 0px 0px 0px;text-transform:none;}#cbpw-loadMore190 .cbp-l-loadMore-stop {color:#B0B0B0;background-color:transparent;border-width:1px 1px 1px 1px;border-style:solid;border-color:#DEDEDE;font-size:12px;font-family:Open Sans,sans-serif;font-weight:400;font-style:normal;line-height:34px;text-align:center;padding:0px 30px 0px 30px;margin:40px 0px 0px 0px;text-transform:none;}#cbpw-loadMore190 .cbp-l-loadMore-stop:hover {color:#B0B0B0;background-color:transparent;border-width:1px 1px 1px 1px;border-style:solid;border-color:#DEDEDE;font-size:12px;font-family:Open Sans,sans-serif;font-weight:400;font-style:normal;line-height:34px;text-align:center;padding:0px 30px 0px 30px;margin:40px 0px 0px 0px;text-transform:none;}#cbpw-singlePage190 .cbp-popup-navigation-wrap {background-color:#34425C;}#cbpw-singlePage190 .cbp-popup-singlePage-counter {color:#bbc0df;font-size:13px;font-family:Open Sans;font-weight:400;font-style:normal;}<\/style><link rel=\"stylesheet\" href=\"\/\/fonts.googleapis.com\/css?family=Open+Sans:400normal\" type=\"text\/css\" media=\"all\" property=\"stylesheet\"><div id=\"cbpw-wrap190\"><div id=\"cbpw-filters190\" class=\"cbp-l-filters-button des-align-center\"><div data-filter=\"*\" class=\"cbp-filter-item cbp-filter-item-active\">All<\/div>\n<div data-filter=\".trekking\" class=\"cbp-filter-item\">TREKKING<\/div>\n<div data-filter=\".navegaciones\" class=\"cbp-filter-item\">NAVEGACIONES<\/div>\n<div data-filter=\".especiales\" class=\"cbp-filter-item\">ESPECIALES<\/div>\n<div data-filter=\".fullday\" class=\"cbp-filter-item\">FULL DAY<\/div>\n<div data-filter=\".halfday\" class=\"cbp-filter-item\">HALF DAY<\/div>\n<\/div><div id=\"cbpw-grid190\" class=\"cbp-l-grid-fullScreen cbp\"><div><div class=\"cbp-item trekking fullday\"><a href=\"\/\/themassif.com\/base-torres\/\" class=\"cbp-caption cbp-simpleLink\" data-title=\"Fox artwork\"><div class=\"cbp-caption-defaultWrap\"><img decoding=\"async\" src=\"\/\/themassif.com\/wp-content\/uploads\/2025\/08\/BASETORRES.webp\" alt=\"\"><\/div><div class=\"cbp-caption-activeWrap\"><div class=\"cbp-l-caption-alignLeft\"><div class=\"cbp-l-caption-body\"><div class=\"cbp-l-caption-title\">Base torres<\/div><div class=\"cbp-l-caption-desc\">Trekking desafiante hacia el mirador Base Torres, entre monta\u00f1as, r\u00edos y bosques patag\u00f3nicos.<\/div><\/div><\/div><\/div><\/a><\/div><div class=\"cbp-item trekking fullday\"><a href=\"\/\/themassif.com\/valle-france\/\" class=\"cbp-caption cbp-simpleLink\" data-title=\"Fox artwork\"><div class=\"cbp-caption-defaultWrap\"><img decoding=\"async\" src=\"\/\/themassif.com\/wp-content\/uploads\/2025\/08\/VALLEFRANCES.webp\" alt=\"\"><\/div><div class=\"cbp-caption-activeWrap\"><div class=\"cbp-l-caption-alignLeft\"><div class=\"cbp-l-caption-body\"><div class=\"cbp-l-caption-title\">Valle Franc\u00e9s<\/div><div class=\"cbp-l-caption-desc\">Una traves\u00eda \u00fanica entre glaciares y monta\u00f1as, donde cada paso revela la fuerza y belleza del coraz\u00f3n del Parque Nacional Torres del Paine.<\/div><\/div><\/div><\/div><\/a><\/div><div class=\"cbp-item trekking fullday\"><a href=\"\/\/themassif.com\/valle-freces\/\" target=\"_blank\" class=\"cbp-caption cbp-simpleLink\" data-title=\"Lansdcape\"><div class=\"cbp-caption-defaultWrap\"><img decoding=\"async\" src=\"\/\/themassif.com\/valle-france\/\" alt=\"\"><\/div><div class=\"cbp-caption-activeWrap\"><div class=\"cbp-l-caption-alignLeft\"><div class=\"cbp-l-caption-body\"><div class=\"cbp-l-caption-title\">Valle Franc\u00e9s<\/div><div class=\"cbp-l-caption-desc\">Trekking al coraz\u00f3n del Valle del Franc\u00e9s, rodeado de glaciares, monta\u00f1as y r\u00edos imponentes.<\/div><\/div><\/div><\/div><\/a><\/div><div class=\"cbp-item trekking fullday\"><a href=\"\/\/themassif.com\/sendero-grey\/\" class=\"cbp-caption cbp-simpleLink\" data-title=\"Lettering Logos\"><div class=\"cbp-caption-defaultWrap\"><img decoding=\"async\" src=\"\/\/themassif.com\/wp-content\/uploads\/2025\/08\/SENDEROGREY.webp\" alt=\"\"><\/div><div class=\"cbp-caption-activeWrap\"><div class=\"cbp-l-caption-alignLeft\"><div class=\"cbp-l-caption-body\"><div class=\"cbp-l-caption-title\">Sendero Grey<\/div><div class=\"cbp-l-caption-desc\">Caminata hacia el imponente Glaciar Grey, una experiencia \u00fanica entre monta\u00f1as y hielo patag\u00f3nico.<\/div><\/div><\/div><\/div><\/a><\/div><div class=\"cbp-item trekking halfday\"><a href=\"\/\/themassif.com\/mirador-cuernos\/\" class=\"cbp-caption cbp-simpleLink\" data-title=\"Lettering Logos\"><div class=\"cbp-caption-defaultWrap\"><img decoding=\"async\" src=\"\/\/themassif.com\/wp-content\/uploads\/2025\/08\/SENDEROCONDOR.webp\" alt=\"\"><\/div><div class=\"cbp-caption-activeWrap\"><div class=\"cbp-l-caption-alignLeft\"><div class=\"cbp-l-caption-body\"><div class=\"cbp-l-caption-title\">Mirador Cuernos<\/div><div class=\"cbp-l-caption-desc\">Caminata corta con vista privilegiada a los majestuosos Cuernos del Paine.<\/div><\/div><\/div><\/div><\/a><\/div><div class=\"cbp-item trekking halfday\"><a href=\"\/\/themassif.com\/mirador-condor\/\" class=\"cbp-caption cbp-simpleLink\" data-title=\"Card mockup\"><div class=\"cbp-caption-defaultWrap\"><img decoding=\"async\" src=\"\/\/themassif.com\/wp-content\/uploads\/2025\/08\/MIRADORCONDOR.webp\" alt=\"\"><\/div><div class=\"cbp-caption-activeWrap\"><div class=\"cbp-l-caption-alignLeft\"><div class=\"cbp-l-caption-body\"><div class=\"cbp-l-caption-title\">Mirador C\u00f3ndor<\/div><div class=\"cbp-l-caption-desc\">Ascenso panor\u00e1mico al Mirador C\u00f3ndor, con vistas espectaculares al Lago Peho\u00e9 y al Macizo Paine.<\/div><\/div><\/div><\/div><\/a><\/div><div class=\"cbp-item trekking halfday\"><a href=\"\/\/themassif.com\/lago-sarmiento\/\" class=\"cbp-caption cbp-simpleLink\" data-title=\"Shapes\"><div class=\"cbp-caption-defaultWrap\"><img decoding=\"async\" src=\"\/\/themassif.com\/wp-content\/uploads\/2025\/08\/LAGOSARMIENTO2.webp\" alt=\"\"><\/div><div class=\"cbp-caption-activeWrap\"><div class=\"cbp-l-caption-alignLeft\"><div class=\"cbp-l-caption-body\"><div class=\"cbp-l-caption-title\">Lago Sarmiento<\/div><div class=\"cbp-l-caption-desc\">Caminata tranquila por la orilla del Lago Sarmiento, el m\u00e1s grande del parque, entre vegetaci\u00f3n y formaciones naturales \u00fanicas.<\/div><\/div><\/div><\/div><\/a><\/div><div class=\"cbp-item trekking halfday\"><a href=\"\/\/themassif.com\/mirador-ferrier\/\" class=\"cbp-caption cbp-simpleLink\" data-title=\"Meditation App\"><div class=\"cbp-caption-defaultWrap\"><img decoding=\"async\" src=\"\/\/themassif.com\/wp-content\/uploads\/2025\/08\/MIRADORFERRIER.webp\" alt=\"\"><\/div><div class=\"cbp-caption-activeWrap\"><div class=\"cbp-l-caption-alignLeft\"><div class=\"cbp-l-caption-body\"><div class=\"cbp-l-caption-title\">Mirador Ferrier<\/div><div class=\"cbp-l-caption-desc\">Ascenso exigente al Mirador Ferrier, con vistas panor\u00e1micas del Parque Nacional Torres del Paine y sus glaciares.<\/div><\/div><\/div><\/div><\/a><\/div><div class=\"cbp-item trekking halfday\"><a href=\"\/\/themassif.com\/aonikenk-2\/\" class=\"cbp-caption cbp-simpleLink\" data-title=\"Paintings\"><div class=\"cbp-caption-defaultWrap\"><img decoding=\"async\" src=\"\/\/themassif.com\/wp-content\/uploads\/2025\/08\/AONIKENK.webp\" alt=\"\"><\/div><div class=\"cbp-caption-activeWrap\"><div class=\"cbp-l-caption-alignLeft\"><div class=\"cbp-l-caption-body\"><div class=\"cbp-l-caption-title\">Aonikenk<\/div><div class=\"cbp-l-caption-desc\">Caminata hacia antiguas pinturas rupestres Aonikenk, entre historia ancestral y fauna patag\u00f3nica.<\/div><\/div><\/div><\/div><\/a><\/div><div class=\"cbp-item trekking halfday\"><a href=\"\/\/themassif.com\/lago-toro\/\" class=\"cbp-caption cbp-simpleLink\" data-title=\"Faces\"><div class=\"cbp-caption-defaultWrap\"><img decoding=\"async\" src=\"\/\/themassif.com\/wp-content\/uploads\/2025\/08\/LAGOTORO.webp\" alt=\"\"><\/div><div class=\"cbp-caption-activeWrap\"><div class=\"cbp-l-caption-alignLeft\"><div class=\"cbp-l-caption-body\"><div class=\"cbp-l-caption-title\">Lago Toro<\/div><div class=\"cbp-l-caption-desc\">Trekking desafiante con vista panor\u00e1mica al Lago Toro y la Cordillera Paine.<\/div><\/div><\/div><\/div><\/a><\/div><div class=\"cbp-item navegaciones halfday\"><a href=\"\/\/themassif.com\/navegacion-serrano\/\" class=\"cbp-caption cbp-simpleLink\" data-title=\"Woman artwork\"><div class=\"cbp-caption-defaultWrap\"><img decoding=\"async\" src=\"\/\/themassif.com\/wp-content\/uploads\/2025\/08\/NAVEGACIONSERRANO.webp\" alt=\"\"><\/div><div class=\"cbp-caption-activeWrap\"><div class=\"cbp-l-caption-alignLeft\"><div class=\"cbp-l-caption-body\"><div class=\"cbp-l-caption-title\">Navegaci\u00f3n Serrano<\/div><div class=\"cbp-l-caption-desc\">Navegaci\u00f3n esc\u00e9nica por el R\u00edo Serrano, con vistas \u00fanicas a glaciares, monta\u00f1as y la belleza salvaje de la Patagonia.<\/div><\/div><\/div><\/div><\/a><\/div><div class=\"cbp-item navegaciones halfday\"><a href=\"\/\/themassif.com\/navegacion-grey\/\" class=\"cbp-caption cbp-simpleLink\" data-title=\"Paintings\"><div class=\"cbp-caption-defaultWrap\"><img decoding=\"async\" src=\"\/\/themassif.com\/wp-content\/uploads\/2025\/08\/NAVEGACIONGREY.webp\" alt=\"\"><\/div><div class=\"cbp-caption-activeWrap\"><div class=\"cbp-l-caption-alignLeft\"><div class=\"cbp-l-caption-body\"><div class=\"cbp-l-caption-title\">Navegaci\u00f3n Grey<\/div><div class=\"cbp-l-caption-desc\">Navegaci\u00f3n por el Lago Grey hasta el imponente glaciar, una experiencia \u00fanica entre hielo y paisajes patag\u00f3nicos.<\/div><\/div><\/div><\/div><\/a><\/div><div class=\"cbp-item especiales halfday\"><a href=\"\/\/themassif.com\/cabalgata-3\/\" target=\"_blank\" class=\"cbp-caption cbp-simpleLink\" data-title=\"Faces\"><div class=\"cbp-caption-defaultWrap\"><img decoding=\"async\" src=\"\/\/themassif.com\/cabalgata-nutria\/\" alt=\"\"><\/div><div class=\"cbp-caption-activeWrap\"><div class=\"cbp-l-caption-alignLeft\"><div class=\"cbp-l-caption-body\"><div class=\"cbp-l-caption-title\">Cabalgata<\/div><div class=\"cbp-l-caption-desc\">Recorrido a caballo por Villa Serrano, entre r\u00edos, bosques y paisajes t\u00edpicos de la Patagonia.<\/div><\/div><\/div><\/div><\/a><\/div><div class=\"cbp-item especiales fullday\"><a href=\"\/\/themassif.com\/miradores-del-paine\/\" class=\"cbp-caption cbp-simpleLink\" data-title=\"Lettering Logos\"><div class=\"cbp-caption-defaultWrap\"><img decoding=\"async\" src=\"\/\/themassif.com\/wp-content\/uploads\/2025\/08\/MIRADORESDELPAINE.webp\" alt=\"\"><\/div><div class=\"cbp-caption-activeWrap\"><div class=\"cbp-l-caption-alignLeft\"><div class=\"cbp-l-caption-body\"><div class=\"cbp-l-caption-title\">Miradores del Paine<\/div><div class=\"cbp-l-caption-desc\">Recorrido en veh\u00edculo por los principales miradores del Parque Torres del Paine, finalizando con un picnic con incre\u00edbles vistas.<\/div><\/div><\/div><\/div><\/a><\/div><div class=\"cbp-item especiales fullday\"><a href=\"\/\/themassif.com\/cabalgata-nutria\/\" class=\"cbp-caption cbp-simpleLink\" data-title=\"Lettering Logos\"><div class=\"cbp-caption-defaultWrap\"><img decoding=\"async\" src=\"\/\/themassif.com\/wp-content\/uploads\/2025\/08\/CABALGATA.webp\" alt=\"\"><\/div><div class=\"cbp-caption-activeWrap\"><div class=\"cbp-l-caption-alignLeft\"><div class=\"cbp-l-caption-body\"><div class=\"cbp-l-caption-title\">Cabalgata Nutria<\/div><div class=\"cbp-l-caption-desc\">Recorre a caballo los paisajes patag\u00f3nicos junto a gauchos locales, cruzando r\u00edos y bosques con vistas al imponente Macizo Paine.<\/div><\/div><\/div><\/div><\/a><\/div><\/div><\/div><\/div><script type=\"text\/javascript\">this.initCubePortfolio =  this.initCubePortfolio || []; this.initCubePortfolio.push({id: 190, options: {\"filters\":\"#cbpw-filters190\",\"loadMore\":\"\",\"loadMoreAction\":\"click\",\"search\":\"\",\"layoutMode\":\"grid\",\"sortToPreventGaps\":false,\"drag\":true,\"auto\":false,\"autoTimeout\":5000,\"autoPauseOnHover\":true,\"showNavigation\":true,\"showPagination\":true,\"rewindNav\":true,\"scrollByPage\":false,\"defaultFilter\":\"*\",\"filterDeeplinking\":false,\"animationType\":\"slideDelay\",\"gridAdjustment\":\"responsive\",\"mediaQueries\":[{\"width\":1400,\"cols\":3},{\"width\":1170,\"cols\":3},{\"width\":1024,\"cols\":3},{\"width\":960,\"cols\":3},{\"width\":778,\"cols\":3},{\"width\":640,\"cols\":2},{\"width\":480,\"cols\":1}],\"gapHorizontal\":0,\"gapVertical\":0,\"caption\":\"zoom\",\"displayType\":\"bottomToTop\",\"displayTypeSpeed\":100,\"lightboxDelegate\":\".cbp-lightbox\",\"lightboxGallery\":true,\"lightboxTitleSrc\":\"data-title\",\"lightboxCounter\":\"<div class=\\\"cbp-popup-lightbox-counter\\\">{{current}} of {{total}}<\/div>\",\"singlePageDelegate\":\".cbp-singlePage\",\"singlePageDeeplinking\":true,\"singlePageStickyNavigation\":true,\"singlePageCounter\":\"<div class=\\\"cbp-popup-singlePage-counter\\\">{{current}} of {{total}}<\/div>\",\"singlePageAnimation\":\"middle\",\"singlePageInlineDelegate\":\".cbp-singlePageInline\",\"singlePageInlineDeeplinking\":false,\"singlePageInlinePosition\":\"above\",\"singlePageInlineInFocus\":true,\"plugins\":{},\"cols\":3,\"displayItemsLoadMore\":3,\"coverRatio\":\"\"}});<\/script><\/div><\/div><\/div><\/div><div class=\"vc_row-full-width vc_clearfix\"><\/div>\n<\/div>","protected":false},"excerpt":{"rendered":"SELECTED WORK We believe in making the best work , and being the best to work with. We help brands &amp; businesses stand out in the changing digital landscape. All TREKKING NAVEGACIONES ESPECIALES FULL DAY HALF DAY Base torresTrekking desafiante hacia el mirador Base Torres, entre monta\u00f1as, r\u00edos y bosques patag\u00f3nicos.Valle Franc\u00e9sUna traves\u00eda \u00fanica entre [...]","protected":false},"author":2,"featured_media":0,"parent":0,"menu_order":0,"comment_status":"closed","ping_status":"closed","template":"page.php","meta":{"footnotes":""},"class_list":["post-839","page","type-page","status-publish","hentry"],"_links":{"self":[{"href":"https:\/\/themassif.com\/pt\/wp-json\/wp\/v2\/pages\/839","targetHints":{"allow":["GET"]}}],"collection":[{"href":"https:\/\/themassif.com\/pt\/wp-json\/wp\/v2\/pages"}],"about":[{"href":"https:\/\/themassif.com\/pt\/wp-json\/wp\/v2\/types\/page"}],"author":[{"embeddable":true,"href":"https:\/\/themassif.com\/pt\/wp-json\/wp\/v2\/users\/2"}],"replies":[{"embeddable":true,"href":"https:\/\/themassif.com\/pt\/wp-json\/wp\/v2\/comments?post=839"}],"version-history":[{"count":0,"href":"https:\/\/themassif.com\/pt\/wp-json\/wp\/v2\/pages\/839\/revisions"}],"wp:attachment":[{"href":"https:\/\/themassif.com\/pt\/wp-json\/wp\/v2\/media?parent=839"}],"curies":[{"name":"wp","href":"https:\/\/api.w.org\/{rel}","templated":true}]}}