{"id":6126,"date":"2025-10-30T19:08:41","date_gmt":"2025-10-30T19:08:41","guid":{"rendered":"https:\/\/themassif.com\/?page_id=6126"},"modified":"2025-12-17T14:37:22","modified_gmt":"2025-12-17T14:37:22","slug":"navegacao-serrano","status":"publish","type":"page","link":"https:\/\/themassif.com\/pt\/navegacion-serrano\/","title":{"rendered":"NAVEGA\u00c7\u00c3O SERRANO"},"content":{"rendered":"<div class=\"wpb-content-wrapper\"><div class=\"vc_row wpb_row vc_row-fluid align-center-mobile vc_custom_1761852503807\"><div class=\"wpb_column vc_column_container vc_col-sm-12\"><div class=\"vc_column-inner\"><div class=\"wpb_wrapper\"><div data-rellax-speed=\"0.7\" data-rellax-percentage=\"0.7\" data-splitting=\"chars\" class=\"vc_row wpb_row vc_inner vc_row-fluid\"><div class=\"wpb_column vc_column_container vc_col-sm-12\"><div class=\"vc_column-inner\"><div class=\"wpb_wrapper\"><h5 style=\"color: #FFFFFF;text-align: center\" class=\"vc_custom_heading vc_do_custom_heading h3-custom-css align-center wpb_animate_when_almost_visible wpb_charsAnimInLong-1 charsAnimInLong-1\" >Explore o gigante azul<\/h5><\/div><\/div><\/div><\/div><div class=\"ult-spacer spacer-69e491157405f\" data-id=\"69e491157405f\" data-height=\"20\" data-height-mobile=\"10\" data-height-tab=\"20\" data-height-tab-portrait=\"20\" data-height-mobile-landscape=\"10\" style=\"clear:both;display:block;\"><\/div><div data-rellax-speed=\"0.7\" data-rellax-percentage=\"0.7\" data-splitting=\"chars\" class=\"vc_row wpb_row vc_inner vc_row-fluid\"><div class=\"wpb_column vc_column_container vc_col-sm-12\"><div class=\"vc_column-inner\"><div class=\"wpb_wrapper\"><h2 style=\"color: #FFFFFF;text-align: center\" class=\"vc_custom_heading vc_do_custom_heading h3-custom-css align-center wpb_animate_when_almost_visible wpb_charsAnimInLong-1 charsAnimInLong-1\" >NAVEGA\u00c7\u00c3O SERRANO<\/h2><\/div><\/div><\/div><\/div><div class=\"ult-spacer spacer-69e4911574775\" data-id=\"69e4911574775\" data-height=\"70\" data-height-mobile=\"30\" data-height-tab=\"50\" data-height-tab-portrait=\"40\" data-height-mobile-landscape=\"30\" style=\"clear:both;display:block;\"><\/div><div class=\"ult-animation  ult-animate-viewport  ult-no-mobile\" data-animate=\"fadeInUpShort\" data-animation-delay=\"1\" data-animation-duration=\"1\" data-animation-iteration=\"1\" style=\"opacity:0;\" data-opacity_start_effect=\"\"><div data-rellax-speed=\"0.7\" data-rellax-percentage=\"0.7\" class=\"vc_row wpb_row vc_inner vc_row-fluid\"><div class=\"wpb_column vc_column_container vc_col-sm-4\"><div class=\"vc_column-inner\"><div class=\"wpb_wrapper\"><div class=\"aio-icon-component    style_1\"><div id=\"Info-box-wrap-7602\" class=\"aio-icon-box tooltip-icon\" style=\"\"  ><div class=\"aio-icon-tooltip\"><div class=\"ult-just-icon-wrapper\"><div class=\"align-icon\" style=\"text-align:center;\">\n<div class=\"aio-icon none\"  style=\"color:#FFFFFF;font-size:60px;display:inline-block;\">\n\t<i class=\"Defaults-clock-o\"><\/i>\n<\/div><\/div><\/div><\/div><div class=\"aio-icon-header\" ><h3 class=\"aio-icon-title ult-responsive\"  data-ultimate-target='#Info-box-wrap-7602 .aio-icon-title'  data-responsive-json-new='{\"font-size\":\"desktop:15px;tablet_portrait:13px;\",\"line-height\":\"\"}'  style=\"font-family:&#039;Plus Jakarta Sans&#039;;font-weight:600;color:#fcfcfc;\">Half Day<\/h3><\/div> <!-- header --><\/div> <!-- aio-icon-box --><\/div> <!-- aio-icon-component --><div class=\"vc_empty_space\"   style=\"height: 50px\"><span class=\"vc_empty_space_inner\"><\/span><\/div><\/div><\/div><\/div><div class=\"wpb_column vc_column_container vc_col-sm-4\"><div class=\"vc_column-inner\"><div class=\"wpb_wrapper\"><div class=\"aio-icon-component    style_1\"><div id=\"Info-box-wrap-1058\" class=\"aio-icon-box tooltip-icon\" style=\"\"  ><div class=\"aio-icon-tooltip\"><div class=\"ult-just-icon-wrapper\"><div class=\"align-icon\" style=\"text-align:center;\">\n<div class=\"aio-icon none\"  style=\"color:#FFFFFF;font-size:60px;display:inline-block;\">\n\t<i class=\"Defaults-ship\"><\/i>\n<\/div><\/div><\/div><\/div><div class=\"aio-icon-header\" ><h3 class=\"aio-icon-title ult-responsive\"  data-ultimate-target='#Info-box-wrap-1058 .aio-icon-title'  data-responsive-json-new='{\"font-size\":\"desktop:15px;tablet_portrait:13px;\",\"line-height\":\"\"}'  style=\"font-family:&#039;Plus Jakarta Sans&#039;;font-weight:600;color:#fcfcfc;\">5 Hrs<\/h3><\/div> <!-- header --><\/div> <!-- aio-icon-box --><\/div> <!-- aio-icon-component --><div class=\"vc_empty_space\"   style=\"height: 50px\"><span class=\"vc_empty_space_inner\"><\/span><\/div><\/div><\/div><\/div><div class=\"wpb_column vc_column_container vc_col-sm-4\"><div class=\"vc_column-inner\"><div class=\"wpb_wrapper\"><div class=\"aio-icon-component    style_1\"><div id=\"Info-box-wrap-1606\" class=\"aio-icon-box tooltip-icon\" style=\"\"  ><div class=\"aio-icon-tooltip\"><div class=\"ult-just-icon-wrapper\"><div class=\"align-icon\" style=\"text-align:center;\">\n<div class=\"aio-icon none\"  style=\"color:#FFFFFF;font-size:60px;display:inline-block;\">\n\t<i class=\"Defaults-signal\"><\/i>\n<\/div><\/div><\/div><\/div><div class=\"aio-icon-header\" ><h3 class=\"aio-icon-title ult-responsive\"  data-ultimate-target='#Info-box-wrap-1606 .aio-icon-title'  data-responsive-json-new='{\"font-size\":\"desktop:15px;tablet_portrait:13px;\",\"line-height\":\"\"}'  style=\"font-family:&#039;Plus Jakarta Sans&#039;;font-weight:600;color:#fcfcfc;\">Dificuldade Baixa<\/h3><\/div> <!-- header --><\/div> <!-- aio-icon-box --><\/div> <!-- aio-icon-component --><div class=\"vc_empty_space\"   style=\"height: 50px\"><span class=\"vc_empty_space_inner\"><\/span><\/div><\/div><\/div><\/div><\/div><\/div><\/div><\/div><\/div><\/div><!-- Row Backgrounds --><div class=\"upb_bg_img\" data-ultimate-bg=\"url(https:\/\/themassif.com\/wp-content\/uploads\/2025\/10\/IMG_6731.webp)\" data-image-id=\"id^6139|url^https:\/\/themassif.com\/wp-content\/uploads\/2025\/10\/IMG_6731.webp|caption^null|alt^null|title^IMG_6731|description^null\" data-ultimate-bg-style=\"vcpb-default\" data-bg-img-repeat=\"no-repeat\" data-bg-img-size=\"cover\" data-bg-img-position=\"\" data-parallx_sense=\"30\" data-bg-override=\"ex-full\" data-bg_img_attach=\"scroll\" data-upb-overlay-color=\"rgba(17,17,17,0.75)\" data-upb-bg-animation=\"\" data-fadeout=\"\" data-bg-animation=\"left-animation\" data-bg-animation-type=\"h\" data-animation-repeat=\"repeat\" data-fadeout-percentage=\"30\" data-parallax-content=\"\" data-parallax-content-sense=\"30\" data-row-effect-mobile-disable=\"true\" data-img-parallax-mobile-disable=\"true\" data-rtl=\"false\"  data-custom-vc-row=\"\"  data-vc=\"8.5\"  data-is_old_vc=\"\"  data-theme-support=\"\"   data-overlay=\"true\" data-overlay-color=\"rgba(17,17,17,0.75)\" data-overlay-pattern=\"\" data-overlay-pattern-opacity=\"0.8\" data-overlay-pattern-size=\"\" data-overlay-pattern-attachment=\"scroll\"    ><\/div><div class=\"vc_row wpb_row vc_row-fluid\"><div class=\"wpb_column vc_column_container vc_col-sm-12\"><div class=\"vc_column-inner\"><div class=\"wpb_wrapper\"><div class=\"vc_empty_space\"   style=\"height: 40px\"><span class=\"vc_empty_space_inner\"><\/span><\/div><h2 style=\"text-align: center\" class=\"vc_custom_heading vc_do_custom_heading wpb_animate_when_almost_visible wpb_fadeInLeft fadeInLeft\" >Descri\u00e7\u00e3o da experi\u00eancia<\/h2><\/div><\/div><\/div><\/div><div class=\"vc_row wpb_row vc_row-fluid wpb_animate_when_almost_visible wpb_fadeIn fadeIn\"><div class=\"wpb_column vc_column_container vc_col-sm-2\"><div class=\"vc_column-inner\"><div class=\"wpb_wrapper\"><div class=\"vc_empty_space\"   style=\"height: 40px\"><span class=\"vc_empty_space_inner\"><\/span><\/div><\/div><\/div><\/div><div class=\"wpb_column vc_column_container vc_col-sm-8\"><div class=\"vc_column-inner\"><div class=\"wpb_wrapper\"><div class=\"vc_empty_space\"   style=\"height: 40px\"><span class=\"vc_empty_space_inner\"><\/span><\/div>\n\t<div class=\"wpb_text_column wpb_content_element wpb_animate_when_almost_visible wpb_fadeInDown fadeInDown\" >\n\t\t<div class=\"wpb_wrapper\">\n\t\t\t<p>Para come\u00e7ar o dia, voc\u00ea ter\u00e1 que caminhar aproximadamente 10 minutos do hotel + spa Rio Serrano at\u00e9 o cais localizado no Hotel del Paine em Villa Serrano, Torres del Paine. De l\u00e1, come\u00e7aremos a navegar pelo Rio Serrano em lanchas r\u00e1pidas. Depois de um passeio de 30 minutos, chegamos \u00e0 impressionante cachoeira do Rio Serrano. Em seguida, caminharemos por 15 minutos em uma bela floresta nativa para embarcar no segundo barco.<\/p>\n\n\t\t<\/div>\n\t<\/div>\n<div class=\"vc_empty_space\"   style=\"height: 10px\"><span class=\"vc_empty_space_inner\"><\/span><\/div>\n\t<div class=\"wpb_text_column wpb_content_element wpb_animate_when_almost_visible wpb_fadeInDown fadeInDown\" >\n\t\t<div class=\"wpb_wrapper\">\n\t\t\t<p>Nossa pr\u00f3xima parada ser\u00e1 o fiorde \u00daltima Esperanza, onde desembarcaremos no Parque Nacional Bernardo O'Higgins para uma caminhada de aproximadamente 30 minutos. Durante esse passeio, admiramos a majestosa lagoa da geleira Serrano, localizada no sop\u00e9 da imponente montanha Balmaceda. Fazemos uma pausa para fazer um lanche e recarregar as baterias antes de iniciar a viagem de volta rio acima. No caminho de volta, teremos a oportunidade de observar o impressionante campo de gelo sul do ponto de vista de Tyndall, uma experi\u00eancia que nos deixar\u00e1 sem palavras. Por fim, retornaremos ao p\u00eder para concluir nossa aventura.<\/p>\n\n\t\t<\/div>\n\t<\/div>\n<div class=\"vc_empty_space\"   style=\"height: 10px\"><span class=\"vc_empty_space_inner\"><\/span><\/div><\/div><\/div><\/div><div class=\"wpb_column vc_column_container vc_col-sm-2\"><div class=\"vc_column-inner\"><div class=\"wpb_wrapper\"><\/div><\/div><\/div><\/div><div class=\"vc_row wpb_row vc_row-fluid\"><div class=\"wpb_column vc_column_container vc_col-sm-12\"><div class=\"vc_column-inner\"><div class=\"wpb_wrapper\"><div class=\"vc_empty_space\"   style=\"height: 40px\"><span class=\"vc_empty_space_inner\"><\/span><\/div><\/div><\/div><\/div><\/div><div class=\"vc_row wpb_row vc_row-fluid wide-ipad vc_custom_1765981831625\"><div class=\"wpb_column vc_column_container vc_col-sm-3\"><div class=\"vc_column-inner\"><div class=\"wpb_wrapper\"><\/div><\/div><\/div><div class=\"wpb_column vc_column_container vc_col-sm-3\"><div class=\"vc_column-inner\"><div class=\"wpb_wrapper\"><\/div><\/div><\/div><div class=\"wpb_column vc_column_container vc_col-sm-3\"><div class=\"vc_column-inner\"><div class=\"wpb_wrapper\"><h2 style=\"color: #ffffff;text-align: left\" class=\"vc_custom_heading vc_do_custom_heading\" >NAVEGA\u00c7\u00c3O SERRANO<\/h2><p style=\"font-size: 1.2em;color: #ffffff;line-height: 1.5em;text-align: left\" class=\"vc_custom_heading vc_do_custom_heading\" >Mergulhe na beleza natural do Rio Serrano, cercado por florestas, cachoeiras e geleiras, essa experi\u00eancia o conectar\u00e1 com a magn\u00edfica natureza patag\u00f4nica. Voc\u00ea poder\u00e1 admirar as impressionantes Cataratas do Rio Serrano, contemplar a Geleira Tyndall do Campo de Gelo Sul e explorar o Parque Nacional Bernardo O'Higgins por meio da trilha da Lagoa da Geleira Serrano, localizada aos p\u00e9s do Monte Balmaceda.<\/p><\/div><\/div><\/div><div class=\"wpb_column vc_column_container vc_col-sm-3\"><div class=\"vc_column-inner\"><div class=\"wpb_wrapper\"><\/div><\/div><\/div><\/div><!-- Row Backgrounds --><div class=\"upb_bg_img\" data-ultimate-bg=\"url(https:\/\/themassif.com\/wp-content\/uploads\/2025\/10\/DJI_0564.webp)\" data-image-id=\"id^6137|url^https:\/\/themassif.com\/wp-content\/uploads\/2025\/10\/DJI_0564.webp|caption^null|alt^null|title^DJI_0564|description^null\" data-ultimate-bg-style=\"vcpb-default\" data-bg-img-repeat=\"no-repeat\" data-bg-img-size=\"cover\" data-bg-img-position=\"\" data-parallx_sense=\"30\" data-bg-override=\"ex-full\" data-bg_img_attach=\"fixed\" data-upb-overlay-color=\"rgba(17,17,17,0.85)\" data-upb-bg-animation=\"\" data-fadeout=\"\" data-bg-animation=\"left-animation\" data-bg-animation-type=\"h\" data-animation-repeat=\"repeat\" data-fadeout-percentage=\"30\" data-parallax-content=\"\" data-parallax-content-sense=\"30\" data-row-effect-mobile-disable=\"true\" data-img-parallax-mobile-disable=\"true\" data-rtl=\"false\"  data-custom-vc-row=\"\"  data-vc=\"8.5\"  data-is_old_vc=\"\"  data-theme-support=\"\"   data-overlay=\"true\" data-overlay-color=\"rgba(17,17,17,0.85)\" data-overlay-pattern=\"\" data-overlay-pattern-opacity=\"0.8\" data-overlay-pattern-size=\"\" data-overlay-pattern-attachment=\"scroll\"     data-hide-row=\" uvc_hidden-md  uvc_hidden-sm  uvc_hidden-xs  uvc_hidden-xsl \" ><\/div><div class=\"vc_row wpb_row vc_row-fluid wide-ipad\"><div class=\"local-scroll wpb_column vc_column_container vc_col-sm-6\"><div class=\"vc_column-inner\"><div class=\"wpb_wrapper\"><div class=\"ult-content-box-container\" >\t\t<div class=\"ult-content-box\" style=\"box-shadow: px px px px none;margin-top:0px;margin-right:120px;margin-bottom:50px;margin-left:100px;-webkit-transition: all 700ms ease;-moz-transition: all 700ms ease;-ms-transition: all 700ms ease;-o-transition: all 700ms ease;transition: all 700ms ease;\"  data-hover_box_shadow=\"none\"   data-responsive_margins=\"margin:0px;\"   data-normal_margins=\"margin-top:0px;margin-right:120px;margin-bottom:50px;margin-left:100px;\"  >\n\t<div  class=\"parallax-mousemove wpb_single_image wpb_content_element vc_align_left  call-action-4-image-1\">\n\t\t\n\t\t\n\t\t<figure class=\"wpb_wrapper vc_figure wpb_animate_when_almost_visible wpb_scaleOutIn scaleOutIn\">\n\t\t\t<div class=\"vc_single_image-wrapper   vc_box_border_grey\"><\/div>\n\t\t<\/figure>\n\t<\/div>\n<div data-rellax-y data-rellax-vertical-scroll-axis=\"y\" data-rellax-speed=\"0.7\" data-rellax-percentage=\"0.7\" class=\"vc_row wpb_row vc_inner vc_row-fluid\"><div class=\"wpb_column vc_column_container vc_col-sm-12\"><div class=\"vc_column-inner\"><div class=\"wpb_wrapper\"><div class=\"vc_empty_space\"   style=\"height: 80px\"><span class=\"vc_empty_space_inner\"><\/span><\/div>\n\t<div  class=\"parallax-mousemove wpb_single_image wpb_content_element vc_align_left  call-action-4-image-2\">\n\t\t\n\t\t\n\t\t<figure class=\"wpb_wrapper vc_figure wpb_animate_when_almost_visible wpb_scaleOutIn scaleOutIn\">\n\t\t\t<div class=\"vc_single_image-wrapper   vc_box_border_grey\"><img loading=\"lazy\" decoding=\"async\" width=\"706\" height=\"1200\" src=\"https:\/\/themassif.com\/wp-content\/uploads\/2025\/10\/DJI_0126.webp\" class=\"vc_single_image-img attachment-full\" alt=\"\" title=\"DJI_0126\" srcset=\"https:\/\/themassif.com\/wp-content\/uploads\/2025\/10\/DJI_0126.webp 706w, https:\/\/themassif.com\/wp-content\/uploads\/2025\/10\/DJI_0126-177x300.webp 177w, https:\/\/themassif.com\/wp-content\/uploads\/2025\/10\/DJI_0126-602x1024.webp 602w\" sizes=\"auto, (max-width: 706px) 100vw, 706px\" \/><\/div>\n\t\t<\/figure>\n\t<\/div>\n<\/div><\/div><\/div><\/div>\t\t<\/div><\/div><\/div><\/div><\/div><div class=\"wpb_column vc_column_container vc_col-sm-6\"><div class=\"vc_column-inner\"><div class=\"wpb_wrapper\"><div class=\"vc_empty_space\"   style=\"height: 40px\"><span class=\"vc_empty_space_inner\"><\/span><\/div>\n\t<div  class=\"parallax-mousemove wpb_single_image wpb_content_element vc_align_left\">\n\t\t\n\t\t\n\t\t<figure class=\"wpb_wrapper vc_figure\">\n\t\t\t<div class=\"vc_single_image-wrapper   vc_box_border_grey\"><img loading=\"lazy\" decoding=\"async\" width=\"1920\" height=\"1200\" src=\"https:\/\/themassif.com\/wp-content\/uploads\/2025\/10\/Serrano-river-boat-ride-7.webp\" class=\"vc_single_image-img attachment-full\" alt=\"\" title=\"Passeio de barco pelo rio Serrano 7\" srcset=\"https:\/\/themassif.com\/wp-content\/uploads\/2025\/10\/Serrano-river-boat-ride-7.webp 1920w, https:\/\/themassif.com\/wp-content\/uploads\/2025\/10\/Serrano-river-boat-ride-7-300x188.webp 300w, https:\/\/themassif.com\/wp-content\/uploads\/2025\/10\/Serrano-river-boat-ride-7-1024x640.webp 1024w, https:\/\/themassif.com\/wp-content\/uploads\/2025\/10\/Serrano-river-boat-ride-7-768x480.webp 768w, https:\/\/themassif.com\/wp-content\/uploads\/2025\/10\/Serrano-river-boat-ride-7-1536x960.webp 1536w\" sizes=\"auto, (max-width: 1920px) 100vw, 1920px\" \/><\/div>\n\t\t<\/figure>\n\t<\/div>\n<\/div><\/div><\/div><\/div><div class=\"vc_row wpb_row vc_row-fluid\"><div class=\"wpb_animate_when_almost_visible wpb_fadeInUp fadeInUp wpb_column vc_column_container vc_col-sm-6 vc_hidden-md vc_hidden-sm vc_hidden-xs\"><div class=\"vc_column-inner vc_custom_1765981883864\"><div class=\"wpb_wrapper\"><h5 style=\"text-align: right\" class=\"vc_custom_heading vc_do_custom_heading wpb_animate_when_almost_visible wpb_fadeInLeft fadeInLeft\" >Experi\u00eancia no Parque Nacional Torres del Paine<\/h5><p style=\"text-align: right\" class=\"vc_custom_heading vc_do_custom_heading wpb_animate_when_almost_visible wpb_linesAnimIn linesAnimIn\" >Admire a grandiosidade do Parque Nacional Torres del Paine, um lugar onde montanhas, geleiras, lagos e vida selvagem \u00fanica se unem para formar uma das paisagens mais impressionantes da Patag\u00f4nia.<\/p><div class=\"vc_btn3-container vc_btn3-right vc_do_btn\" ><a style=\"background-color:#111111; color:#ffffff;\" class=\"vc_general vc_btn3 vc_btn3-size-md vc_btn3-shape-rounded vc_btn3-style-custom\" href=\"https:\/\/themassif.com\/wp-content\/uploads\/2026\/01\/CALENDARIOS-25_26.pdf\" title=\"\" target=\"_blank\">Ver calend\u00e1rio<\/a><\/div><div class=\"vc_empty_space\"   style=\"height: 40px\"><span class=\"vc_empty_space_inner\"><\/span><\/div><\/div><\/div><\/div><div class=\"wpb_column vc_column_container vc_col-sm-6\"><div class=\"vc_column-inner\"><div class=\"wpb_wrapper\"><div class=\"vc_empty_space\"   style=\"height: 40px\"><span class=\"vc_empty_space_inner\"><\/span><\/div><\/div><\/div><\/div><\/div><div class=\"vc_row wpb_row vc_row-fluid wide-ipad wpb_animate_when_almost_visible wpb_fadeInUpShort fadeInUpShort vc_row-o-equal-height vc_row-o-content-middle vc_row-flex\"><div class=\"wpb_column vc_column_container vc_col-sm-12\"><div class=\"vc_column-inner\"><div class=\"wpb_wrapper\"><div class=\"ult-spacer spacer-69e491159a0fd\" data-id=\"69e491159a0fd\" data-height=\"40\" data-height-mobile=\"100\" data-height-tab=\"\" data-height-tab-portrait=\"120\" data-height-mobile-landscape=\"100\" style=\"clear:both;display:block;\"><\/div><div data-rellax-speed=\"0.7\" data-rellax-percentage=\"0.7\" data-splitting=\"chars\" class=\"vc_row wpb_row vc_inner vc_row-fluid\"><div class=\"wpb_column vc_column_container vc_col-sm-12\"><div class=\"vc_column-inner\"><div class=\"wpb_wrapper\"><h2 style=\"color: #ffffff;text-align: center\" class=\"vc_custom_heading vc_do_custom_heading wpb_animate_when_almost_visible wpb_charsAnimInLong-1 charsAnimInLong-1\" >EQUIPAMENTO RECOMENDADO<\/h2>\n\t<div  class=\"parallax-mousemove wpb_single_image wpb_content_element vc_align_center\">\n\t\t\n\t\t\n\t\t<figure class=\"wpb_wrapper vc_figure wpb_animate_when_almost_visible wpb_zoomIn zoomIn\">\n\t\t\t<div class=\"vc_single_image-wrapper   vc_box_border_grey\"><img decoding=\"async\" class=\"vc_single_image-img\" src=\"https:\/\/themassif.com\/wp-content\/uploads\/2026\/01\/Portugues-indumentaria-scaled.webp\" width=\"700\" height=\"700\" alt=\"EQUIPAMENTO BRANCO\" title=\"EQUIPAMENTO BRANCO\" loading=\"lazy\" \/><\/div>\n\t\t<\/figure>\n\t<\/div>\n<\/div><\/div><\/div><\/div><\/div><\/div><\/div><\/div><!-- Row Backgrounds --><div class=\"upb_bg_img\" data-ultimate-bg=\"url(https:\/\/themassif.com\/wp-content\/uploads\/2025\/08\/DSC1710.webp)\" data-image-id=\"id^5441|url^https:\/\/themassif.com\/wp-content\/uploads\/2025\/08\/DSC1710.webp|caption^null|alt^null|title^DSC1710|description^null\" data-ultimate-bg-style=\"vcpb-default\" data-bg-img-repeat=\"no-repeat\" data-bg-img-size=\"cover\" data-bg-img-position=\"\" data-parallx_sense=\"30\" data-bg-override=\"ex-full\" data-bg_img_attach=\"scroll\" data-upb-overlay-color=\"rgba(17,17,17,0.7)\" data-upb-bg-animation=\"\" data-fadeout=\"\" data-bg-animation=\"left-animation\" data-bg-animation-type=\"h\" data-animation-repeat=\"repeat\" data-fadeout-percentage=\"30\" data-parallax-content=\"\" data-parallax-content-sense=\"30\" data-row-effect-mobile-disable=\"true\" data-img-parallax-mobile-disable=\"true\" data-rtl=\"false\"  data-custom-vc-row=\"\"  data-vc=\"8.5\"  data-is_old_vc=\"\"  data-theme-support=\"\"   data-overlay=\"true\" data-overlay-color=\"rgba(17,17,17,0.7)\" data-overlay-pattern=\"\" data-overlay-pattern-opacity=\"0.8\" data-overlay-pattern-size=\"\" data-overlay-pattern-attachment=\"scroll\"    ><\/div><div class=\"vc_row wpb_row vc_row-fluid vc_custom_1760643047969\"><div class=\"wpb_animate_when_almost_visible wpb_fadeIn fadeIn wpb_column vc_column_container vc_col-sm-2\"><div class=\"vc_column-inner\"><div class=\"wpb_wrapper\"><\/div><\/div><\/div><div class=\"wpb_animate_when_almost_visible wpb_fadeInUpShort fadeInUpShort wpb_column vc_column_container vc_col-sm-8\"><div class=\"vc_column-inner\"><div class=\"wpb_wrapper\"><div class=\"ult-spacer spacer-69e49115a060e\" data-id=\"69e49115a060e\" data-height=\"120\" data-height-mobile=\"80\" data-height-tab=\"\" data-height-tab-portrait=\"\" data-height-mobile-landscape=\"80\" style=\"clear:both;display:block;\"><\/div><div data-rellax-speed=\"0.7\" data-rellax-percentage=\"0.7\" data-splitting=\"chars\" class=\"vc_row wpb_row vc_inner vc_row-fluid wide-ipad\"><div class=\"wpb_column vc_column_container vc_col-sm-2\"><div class=\"vc_column-inner\"><div class=\"wpb_wrapper\"><\/div><\/div><\/div><div class=\"wpb_column vc_column_container vc_col-sm-8\"><div class=\"vc_column-inner\"><div class=\"wpb_wrapper\"><h2 style=\"color: #ffffff;text-align: center\" class=\"vc_custom_heading vc_do_custom_heading wpb_animate_when_almost_visible wpb_charsAnimInLong-1 charsAnimInLong-1\" >Agende sua pr\u00f3xima experi\u00eancia<\/h2><\/div><\/div><\/div><div class=\"wpb_column vc_column_container vc_col-sm-2\"><div class=\"vc_column-inner\"><div class=\"wpb_wrapper\"><\/div><\/div><\/div><\/div><div class=\"vc_empty_space\"   style=\"height: 10px\"><span class=\"vc_empty_space_inner\"><\/span><\/div><div data-rellax-speed=\"0.7\" data-rellax-percentage=\"0.7\" data-splitting=\"chars\" class=\"vc_row wpb_row vc_inner vc_row-fluid wide-ipad\"><div class=\"wpb_column vc_column_container vc_col-sm-3\"><div class=\"vc_column-inner\"><div class=\"wpb_wrapper\"><\/div><\/div><\/div><div class=\"wpb_column vc_column_container vc_col-sm-6\"><div class=\"vc_column-inner\"><div class=\"wpb_wrapper\"><p style=\"color: #dddddd;text-align: center\" class=\"vc_custom_heading vc_do_custom_heading\" >Planeje seu traslado para o Hotel R\u00edo Serrano ou coordene sua pr\u00f3xima excurs\u00e3o no Parque Nacional Torres del Paine.<\/p><\/div><\/div><\/div><div class=\"wpb_column vc_column_container vc_col-sm-3\"><div class=\"vc_column-inner\"><div class=\"wpb_wrapper\"><\/div><\/div><\/div><\/div><div class=\"vc_empty_space\"   style=\"height: 40px\"><span class=\"vc_empty_space_inner\"><\/span><\/div><div class=\"vc_btn3-container  white-button vc_btn3-center vc_do_btn\" ><a style=\"background-color:#ffffff; color:#111111;\" class=\"vc_general vc_btn3 vc_btn3-size-md vc_btn3-shape-round vc_btn3-style-custom\" href=\"https:\/\/themassif.com\/pt\/contato\/\" title=\"Contato\">ENTRE EM CONTATO CONOSCO<\/a><\/div><div class=\"ult-spacer spacer-69e49115a5143\" data-id=\"69e49115a5143\" data-height=\"120\" data-height-mobile=\"80\" data-height-tab=\"\" data-height-tab-portrait=\"\" data-height-mobile-landscape=\"80\" style=\"clear:both;display:block;\"><\/div><\/div><\/div><\/div><div class=\"wpb_column vc_column_container vc_col-sm-2\"><div class=\"vc_column-inner\"><div class=\"wpb_wrapper\"><\/div><\/div><\/div><\/div><!-- Row Backgrounds --><div class=\"upb_bg_img\" data-ultimate-bg=\"url(https:\/\/themassif.com\/wp-content\/uploads\/2025\/10\/the-massif-auto.webp)\" data-image-id=\"id^5751|url^https:\/\/themassif.com\/wp-content\/uploads\/2025\/10\/the-massif-auto.webp|caption^null|alt^null|title^the massif auto|description^null\" data-ultimate-bg-style=\"vcpb-hz-jquery\" data-bg-img-repeat=\"repeat\" data-bg-img-size=\"cover\" data-bg-img-position=\"\" data-parallx_sense=\"30\" data-bg-override=\"full\" data-bg_img_attach=\"fixed\" data-upb-overlay-color=\"rgba(17,17,17,0.35)\" data-upb-bg-animation=\"\" data-fadeout=\"\" data-bg-animation=\"left-animation\" data-bg-animation-type=\"h\" data-animation-repeat=\"repeat\" data-fadeout-percentage=\"30\" data-parallax-content=\"\" data-parallax-content-sense=\"30\" data-row-effect-mobile-disable=\"true\" data-img-parallax-mobile-disable=\"true\" data-rtl=\"false\"  data-custom-vc-row=\"\"  data-vc=\"8.5\"  data-is_old_vc=\"\"  data-theme-support=\"\"   data-overlay=\"true\" data-overlay-color=\"rgba(17,17,17,0.35)\" data-overlay-pattern=\"\" data-overlay-pattern-opacity=\"0.8\" data-overlay-pattern-size=\"\" data-overlay-pattern-attachment=\"scroll\"    ><\/div>\n<\/div>","protected":false},"excerpt":{"rendered":"Explora el gigante azulNAVEGACI\u00d3N SERRANO Half Day 5 Hrs Dificultad Baja Descripci\u00f3n de la experiencia Para iniciar la jornada se deben caminar aproximadamente 10 minutos desde rio\u00a0serrano hotel + spa hasta el muelle ubicado en Hotel del Paine en Villa Serrano,\u00a0Torres del Paine. Desde all\u00ed, comenzamos a navegar por el r\u00edo Serrano en lanchas\u00a0r\u00e1pidas. Tras [...]","protected":false},"author":1,"featured_media":0,"parent":0,"menu_order":0,"comment_status":"closed","ping_status":"closed","template":"page.php","meta":{"footnotes":""},"class_list":["post-6126","page","type-page","status-publish","hentry"],"_links":{"self":[{"href":"https:\/\/themassif.com\/pt\/wp-json\/wp\/v2\/pages\/6126","targetHints":{"allow":["GET"]}}],"collection":[{"href":"https:\/\/themassif.com\/pt\/wp-json\/wp\/v2\/pages"}],"about":[{"href":"https:\/\/themassif.com\/pt\/wp-json\/wp\/v2\/types\/page"}],"author":[{"embeddable":true,"href":"https:\/\/themassif.com\/pt\/wp-json\/wp\/v2\/users\/1"}],"replies":[{"embeddable":true,"href":"https:\/\/themassif.com\/pt\/wp-json\/wp\/v2\/comments?post=6126"}],"version-history":[{"count":5,"href":"https:\/\/themassif.com\/pt\/wp-json\/wp\/v2\/pages\/6126\/revisions"}],"predecessor-version":[{"id":6223,"href":"https:\/\/themassif.com\/pt\/wp-json\/wp\/v2\/pages\/6126\/revisions\/6223"}],"wp:attachment":[{"href":"https:\/\/themassif.com\/pt\/wp-json\/wp\/v2\/media?parent=6126"}],"curies":[{"name":"wp","href":"https:\/\/api.w.org\/{rel}","templated":true}]}}