{"id":375,"date":"2025-01-07T20:20:35","date_gmt":"2025-01-07T20:20:35","guid":{"rendered":"https:\/\/preview.treethemes.com\/pine\/maindemo\/?page_id=375"},"modified":"2025-10-27T15:31:40","modified_gmt":"2025-10-27T15:31:40","slug":"expedicoes","status":"publish","type":"page","link":"https:\/\/themassif.com\/pt\/expediciones\/","title":{"rendered":"Expedi\u00e7\u00f5es"},"content":{"rendered":"<div class=\"wpb-content-wrapper\"><div class=\"vc_row wpb_row vc_row-fluid vc_row-o-equal-height vc_row-o-content-middle vc_row-flex\"><div class=\"wpb_column vc_column_container vc_col-sm-12\"><div class=\"vc_column-inner\"><div class=\"wpb_wrapper\"><h5 style=\"color: #ffffff;text-align: center\" class=\"vc_custom_heading vc_do_custom_heading brutalist_home_bigtext1 wpb_animate_when_almost_visible wpb_fadeInUpShort fadeInUpShort\" >Elige uno de los<\/h5><div class=\"ult-spacer spacer-69e4799d93e3c\" data-id=\"69e4799d93e3c\" data-height=\"30\" data-height-mobile=\"15\" data-height-tab=\"30\" data-height-tab-portrait=\"15\" data-height-mobile-landscape=\"15\" style=\"clear:both;display:block;\"><\/div><div data-splitting=\"chars\" class=\"vc_row wpb_row vc_inner vc_row-fluid\"><div class=\"wpb_column vc_column_container vc_col-sm-12\"><div class=\"vc_column-inner\"><div class=\"wpb_wrapper\"><h1 style=\"color: #ffffff;text-align: center\" class=\"vc_custom_heading vc_do_custom_heading wpb_animate_when_almost_visible wpb_charsAnimInLong-1 charsAnimInLong-1\" >trekkings con los paisajes m\u00e1s impactantes del planeta<\/h1><\/div><\/div><\/div><\/div><div class=\"ult-spacer spacer-69e4799d9467c\" data-id=\"69e4799d9467c\" data-height=\"100\" data-height-mobile=\"70\" data-height-tab=\"\" data-height-tab-portrait=\"70\" data-height-mobile-landscape=\"70\" style=\"clear:both;display:block;\"><\/div><div class=\"ult-animation  ult-animate-viewport  ult-no-mobile \" data-animate=\"fadeInUpShort\" data-animation-delay=\"1\" data-animation-duration=\"1\" data-animation-iteration=\"1\" style=\"opacity:0;\" data-opacity_start_effect=\"\"><div data-rellax-speed=\"0.7\" data-rellax-percentage=\"0.7\" class=\"vc_row wpb_row vc_inner vc_row-fluid align-center\"><div class=\"wpb_column vc_column_container vc_col-sm-6\"><div class=\"vc_column-inner\"><div class=\"wpb_wrapper\"><div class=\"vc_btn3-container vc_btn3-right vc_do_btn\" ><a class=\"vc_general vc_btn3 vc_btn3-size-md vc_btn3-shape-rounded vc_btn3-style-outline vc_btn3-color-white\" href=\"https:\/\/themassif.com\/wp-content\/uploads\/2025\/10\/CALENDARIOS-25_26.pdf\" title=\"\" target=\"_blank\">Calendario<\/a><\/div><\/div><\/div><\/div><div class=\"wpb_column vc_column_container vc_col-sm-6\"><div class=\"vc_column-inner\"><div class=\"wpb_wrapper\"><div class=\"vc_btn3-container vc_btn3-left vc_do_btn\" ><a class=\"vc_general vc_btn3 vc_btn3-size-md vc_btn3-shape-rounded vc_btn3-style-outline vc_btn3-color-white\" href=\"https:\/\/themassif.com\/wp-content\/uploads\/2025\/10\/TARIFAS-EXPEDICIONES-25_26.pdf\" title=\"\" target=\"_blank\">Tarifas<\/a><\/div><\/div><\/div><\/div><\/div><\/div><\/div><\/div><\/div><\/div><!-- Row Backgrounds --><div class=\"upb_bg_img\" data-ultimate-bg=\"url(https:\/\/themassif.com\/wp-content\/uploads\/2025\/10\/expediciones-fondo.webp)\" data-image-id=\"id^5993|url^https:\/\/themassif.com\/wp-content\/uploads\/2025\/10\/expediciones-fondo.webp|caption^null|alt^null|title^expediciones fondo|description^null\" data-ultimate-bg-style=\"vcpb-vz-jquery\" data-bg-img-repeat=\"no-repeat\" data-bg-img-size=\"cover\" data-bg-img-position=\"\" data-parallx_sense=\"30\" data-bg-override=\"browser_size\" data-bg_img_attach=\"scroll\" data-upb-overlay-color=\"rgba(17,17,17,0.3)\" data-upb-bg-animation=\"\" data-fadeout=\"\" data-bg-animation=\"left-animation\" data-bg-animation-type=\"h\" data-animation-repeat=\"repeat\" data-fadeout-percentage=\"30\" data-parallax-content=\"\" data-parallax-content-sense=\"30\" data-row-effect-mobile-disable=\"true\" data-img-parallax-mobile-disable=\"true\" data-rtl=\"false\"  data-custom-vc-row=\"\"  data-vc=\"8.5\"  data-is_old_vc=\"\"  data-theme-support=\"\"   data-overlay=\"true\" data-overlay-color=\"rgba(17,17,17,0.3)\" data-overlay-pattern=\"\" data-overlay-pattern-opacity=\"0.8\" data-overlay-pattern-size=\"\" data-overlay-pattern-attachment=\"scroll\"    ><\/div><div class=\"vc_row wpb_row vc_row-fluid\"><div class=\"wpb_column vc_column_container vc_col-sm-12\"><div class=\"vc_column-inner\"><div class=\"wpb_wrapper\"><div class=\"ult-spacer spacer-69e4799d96f23\" data-id=\"69e4799d96f23\" data-height=\"30\" data-height-mobile=\"100\" data-height-tab=\"10\" data-height-tab-portrait=\"120\" data-height-mobile-landscape=\"100\" style=\"clear:both;display:block;\"><\/div><style type='text\/css'>#cbpw-wrap190 {margin:0px 0px 0px 0px;}#cbpw-grid190 .cbp-l-caption-title {color:#FFFFFF;background-color:transparent;font-size:25px;font-family:Open Sans;font-weight:400;font-style:normal;line-height:21px;text-align:center;padding:0px 0px 0px 0px;margin:31% 0px 0px 0px;text-transform:none;}#cbpw-grid190 .cbp-l-caption-desc {color:#ffffff;background-color:transparent;font-size:16PX;font-family:Open Sans;font-weight:400;font-style:normal;line-height:18px;text-align:center;padding:0px 0px 0px 0px;margin:8px 0px 0px 0px;text-transform:none;}#cbpw-grid190 .cbp-caption-activeWrap {background-color:rgba(0,0,0,0.85);}#cbpw-filters190 .cbp-filter-item {background-color:#FFFFFF;border-width:1px 1px 1px 1px;border-style:solid;border-color:#ECECEC;color:#888888;font-size:12px;font-family:Open Sans,sans-serif;font-weight:400;font-style:normal;line-height:32px;margin:0px 10px 10px 0px;padding:0px 17px 0px 17px;text-transform:none;}#cbpw-filters190 .cbp-filter-item:hover {background-color:#FFFFFF;border-width:1px 1px 1px 1px;border-style:solid;border-color:#DADADA;color:#545454;font-size:12px;font-family:Open Sans,sans-serif;font-weight:400;font-style:normal;line-height:32px;margin:0px 10px 10px 0px;padding:0px 17px 0px 17px;text-transform:none;}#cbpw-filters190 .cbp-filter-item.cbp-filter-item-active {background-color:#545454;border-width:1px 1px 1px 1px;border-style:solid;border-color:#5d5d5d;color:#fff;font-size:12px;font-family:Open Sans,sans-serif;font-weight:400;font-style:normal;line-height:32px;margin:0px 10px 10px 0px;padding:0px 17px 0px 17px;text-transform:none;}#cbpw-filters190 .cbp-filter-item.cbp-filter-item-active:hover {background-color:#545454;border-width:1px 1px 1px 1px;border-style:solid;border-color:#5d5d5d;color:#fff;font-size:12px;font-family:Open Sans,sans-serif;font-weight:400;font-style:normal;line-height:32px;margin:0px 10px 10px 0px;padding:0px 17px 0px 17px;text-transform:none;}#cbpw-filters190 .cbp-filter-counter {background-color:#545454;color:#fff;font-size:11px;font-family:Open Sans,sans-serif;font-weight:400;font-style:normal;line-height:18px;padding:4px 0px 4px 0px;}#cbpw-filters190 .cbp-filter-counter:after {border-color:#545454 transparent;}#cbpw-loadMore190 .cbp-l-loadMore-link {color:#7E7B7B;background-color:transparent;border-width:1px 1px 1px 1px;border-style:solid;border-color:#DEDEDE;font-size:12px;font-family:Open Sans,sans-serif;font-weight:400;font-style:normal;line-height:34px;text-align:center;padding:0px 30px 0px 30px;margin:40px 0px 0px 0px;text-transform:none;}#cbpw-loadMore190 .cbp-l-loadMore-link:hover {color:#B0B0B0;background-color:transparent;border-width:1px 1px 1px 1px;border-style:solid;border-color:#DEDEDE;font-size:12px;font-family:Open Sans,sans-serif;font-weight:400;font-style:normal;line-height:34px;text-align:center;padding:0px 30px 0px 30px;margin:40px 0px 0px 0px;text-transform:none;}#cbpw-loadMore190 .cbp-l-loadMore-loading {color:#B0B0B0;background-color:transparent;border-width:1px 1px 1px 1px;border-style:solid;border-color:#DEDEDE;font-size:12px;font-family:Open Sans,sans-serif;font-weight:400;font-style:normal;line-height:34px;text-align:center;padding:0px 30px 0px 30px;margin:40px 0px 0px 0px;text-transform:none;}#cbpw-loadMore190 .cbp-l-loadMore-loading:hover {color:#B0B0B0;background-color:transparent;border-width:1px 1px 1px 1px;border-style:solid;border-color:#DEDEDE;font-size:12px;font-family:Open Sans,sans-serif;font-weight:400;font-style:normal;line-height:34px;text-align:center;padding:0px 30px 0px 30px;margin:40px 0px 0px 0px;text-transform:none;}#cbpw-loadMore190 .cbp-l-loadMore-stop {color:#B0B0B0;background-color:transparent;border-width:1px 1px 1px 1px;border-style:solid;border-color:#DEDEDE;font-size:12px;font-family:Open Sans,sans-serif;font-weight:400;font-style:normal;line-height:34px;text-align:center;padding:0px 30px 0px 30px;margin:40px 0px 0px 0px;text-transform:none;}#cbpw-loadMore190 .cbp-l-loadMore-stop:hover {color:#B0B0B0;background-color:transparent;border-width:1px 1px 1px 1px;border-style:solid;border-color:#DEDEDE;font-size:12px;font-family:Open Sans,sans-serif;font-weight:400;font-style:normal;line-height:34px;text-align:center;padding:0px 30px 0px 30px;margin:40px 0px 0px 0px;text-transform:none;}#cbpw-singlePage190 .cbp-popup-navigation-wrap {background-color:#34425C;}#cbpw-singlePage190 .cbp-popup-singlePage-counter {color:#bbc0df;font-size:13px;font-family:Open Sans;font-weight:400;font-style:normal;}<\/style><link rel=\"stylesheet\" href=\"\/\/fonts.googleapis.com\/css?family=Open+Sans:400normal\" type=\"text\/css\" media=\"all\" property=\"stylesheet\"><div id=\"cbpw-wrap190\"><div id=\"cbpw-filters190\" class=\"cbp-l-filters-button des-align-center\"><div data-filter=\"*\" class=\"cbp-filter-item cbp-filter-item-active\">All<\/div>\n<div data-filter=\".trekking\" class=\"cbp-filter-item\">TREKKING<\/div>\n<div data-filter=\".navegaciones\" class=\"cbp-filter-item\">NAVEGACIONES<\/div>\n<div data-filter=\".especiales\" class=\"cbp-filter-item\">ESPECIALES<\/div>\n<div data-filter=\".fullday\" class=\"cbp-filter-item\">FULL DAY<\/div>\n<div data-filter=\".halfday\" class=\"cbp-filter-item\">HALF DAY<\/div>\n<\/div><div id=\"cbpw-grid190\" class=\"cbp-l-grid-fullScreen cbp\"><div><div class=\"cbp-item trekking fullday\"><a href=\"\/\/themassif.com\/base-torres\/\" class=\"cbp-caption cbp-simpleLink\" data-title=\"Fox artwork\"><div class=\"cbp-caption-defaultWrap\"><img decoding=\"async\" src=\"\/\/themassif.com\/wp-content\/uploads\/2025\/08\/BASETORRES.webp\" alt=\"\"><\/div><div class=\"cbp-caption-activeWrap\"><div class=\"cbp-l-caption-alignLeft\"><div class=\"cbp-l-caption-body\"><div class=\"cbp-l-caption-title\">Base torres<\/div><div class=\"cbp-l-caption-desc\">Trekking desafiante hacia el mirador Base Torres, entre monta\u00f1as, r\u00edos y bosques patag\u00f3nicos.<\/div><\/div><\/div><\/div><\/a><\/div><div class=\"cbp-item trekking fullday\"><a href=\"\/\/themassif.com\/valle-france\/\" class=\"cbp-caption cbp-simpleLink\" data-title=\"Fox artwork\"><div class=\"cbp-caption-defaultWrap\"><img decoding=\"async\" src=\"\/\/themassif.com\/wp-content\/uploads\/2025\/08\/VALLEFRANCES.webp\" alt=\"\"><\/div><div class=\"cbp-caption-activeWrap\"><div class=\"cbp-l-caption-alignLeft\"><div class=\"cbp-l-caption-body\"><div class=\"cbp-l-caption-title\">Valle Franc\u00e9s<\/div><div class=\"cbp-l-caption-desc\">Una traves\u00eda \u00fanica entre glaciares y monta\u00f1as, donde cada paso revela la fuerza y belleza del coraz\u00f3n del Parque Nacional Torres del Paine.<\/div><\/div><\/div><\/div><\/a><\/div><div class=\"cbp-item trekking fullday\"><a href=\"\/\/themassif.com\/valle-freces\/\" target=\"_blank\" class=\"cbp-caption cbp-simpleLink\" data-title=\"Lansdcape\"><div class=\"cbp-caption-defaultWrap\"><img decoding=\"async\" src=\"\/\/themassif.com\/valle-france\/\" alt=\"\"><\/div><div class=\"cbp-caption-activeWrap\"><div class=\"cbp-l-caption-alignLeft\"><div class=\"cbp-l-caption-body\"><div class=\"cbp-l-caption-title\">Valle Franc\u00e9s<\/div><div class=\"cbp-l-caption-desc\">Trekking al coraz\u00f3n del Valle del Franc\u00e9s, rodeado de glaciares, monta\u00f1as y r\u00edos imponentes.<\/div><\/div><\/div><\/div><\/a><\/div><div class=\"cbp-item trekking fullday\"><a href=\"\/\/themassif.com\/sendero-grey\/\" class=\"cbp-caption cbp-simpleLink\" data-title=\"Lettering Logos\"><div class=\"cbp-caption-defaultWrap\"><img decoding=\"async\" src=\"\/\/themassif.com\/wp-content\/uploads\/2025\/08\/SENDEROGREY.webp\" alt=\"\"><\/div><div class=\"cbp-caption-activeWrap\"><div class=\"cbp-l-caption-alignLeft\"><div class=\"cbp-l-caption-body\"><div class=\"cbp-l-caption-title\">Sendero Grey<\/div><div class=\"cbp-l-caption-desc\">Caminata hacia el imponente Glaciar Grey, una experiencia \u00fanica entre monta\u00f1as y hielo patag\u00f3nico.<\/div><\/div><\/div><\/div><\/a><\/div><div class=\"cbp-item trekking halfday\"><a href=\"\/\/themassif.com\/mirador-cuernos\/\" class=\"cbp-caption cbp-simpleLink\" data-title=\"Lettering Logos\"><div class=\"cbp-caption-defaultWrap\"><img decoding=\"async\" src=\"\/\/themassif.com\/wp-content\/uploads\/2025\/08\/SENDEROCONDOR.webp\" alt=\"\"><\/div><div class=\"cbp-caption-activeWrap\"><div class=\"cbp-l-caption-alignLeft\"><div class=\"cbp-l-caption-body\"><div class=\"cbp-l-caption-title\">Mirador Cuernos<\/div><div class=\"cbp-l-caption-desc\">Caminata corta con vista privilegiada a los majestuosos Cuernos del Paine.<\/div><\/div><\/div><\/div><\/a><\/div><div class=\"cbp-item trekking halfday\"><a href=\"\/\/themassif.com\/mirador-condor\/\" class=\"cbp-caption cbp-simpleLink\" data-title=\"Card mockup\"><div class=\"cbp-caption-defaultWrap\"><img decoding=\"async\" src=\"\/\/themassif.com\/wp-content\/uploads\/2025\/08\/MIRADORCONDOR.webp\" alt=\"\"><\/div><div class=\"cbp-caption-activeWrap\"><div class=\"cbp-l-caption-alignLeft\"><div class=\"cbp-l-caption-body\"><div class=\"cbp-l-caption-title\">Mirador C\u00f3ndor<\/div><div class=\"cbp-l-caption-desc\">Ascenso panor\u00e1mico al Mirador C\u00f3ndor, con vistas espectaculares al Lago Peho\u00e9 y al Macizo Paine.<\/div><\/div><\/div><\/div><\/a><\/div><div class=\"cbp-item trekking halfday\"><a href=\"\/\/themassif.com\/lago-sarmiento\/\" class=\"cbp-caption cbp-simpleLink\" data-title=\"Shapes\"><div class=\"cbp-caption-defaultWrap\"><img decoding=\"async\" src=\"\/\/themassif.com\/wp-content\/uploads\/2025\/08\/LAGOSARMIENTO2.webp\" alt=\"\"><\/div><div class=\"cbp-caption-activeWrap\"><div class=\"cbp-l-caption-alignLeft\"><div class=\"cbp-l-caption-body\"><div class=\"cbp-l-caption-title\">Lago Sarmiento<\/div><div class=\"cbp-l-caption-desc\">Caminata tranquila por la orilla del Lago Sarmiento, el m\u00e1s grande del parque, entre vegetaci\u00f3n y formaciones naturales \u00fanicas.<\/div><\/div><\/div><\/div><\/a><\/div><div class=\"cbp-item trekking halfday\"><a href=\"\/\/themassif.com\/mirador-ferrier\/\" class=\"cbp-caption cbp-simpleLink\" data-title=\"Meditation App\"><div class=\"cbp-caption-defaultWrap\"><img decoding=\"async\" src=\"\/\/themassif.com\/wp-content\/uploads\/2025\/08\/MIRADORFERRIER.webp\" alt=\"\"><\/div><div class=\"cbp-caption-activeWrap\"><div class=\"cbp-l-caption-alignLeft\"><div class=\"cbp-l-caption-body\"><div class=\"cbp-l-caption-title\">Mirador Ferrier<\/div><div class=\"cbp-l-caption-desc\">Ascenso exigente al Mirador Ferrier, con vistas panor\u00e1micas del Parque Nacional Torres del Paine y sus glaciares.<\/div><\/div><\/div><\/div><\/a><\/div><div class=\"cbp-item trekking halfday\"><a href=\"\/\/themassif.com\/aonikenk-2\/\" class=\"cbp-caption cbp-simpleLink\" data-title=\"Paintings\"><div class=\"cbp-caption-defaultWrap\"><img decoding=\"async\" src=\"\/\/themassif.com\/wp-content\/uploads\/2025\/08\/AONIKENK.webp\" alt=\"\"><\/div><div class=\"cbp-caption-activeWrap\"><div class=\"cbp-l-caption-alignLeft\"><div class=\"cbp-l-caption-body\"><div class=\"cbp-l-caption-title\">Aonikenk<\/div><div class=\"cbp-l-caption-desc\">Caminata hacia antiguas pinturas rupestres Aonikenk, entre historia ancestral y fauna patag\u00f3nica.<\/div><\/div><\/div><\/div><\/a><\/div><div class=\"cbp-item trekking halfday\"><a href=\"\/\/themassif.com\/lago-toro\/\" class=\"cbp-caption cbp-simpleLink\" data-title=\"Faces\"><div class=\"cbp-caption-defaultWrap\"><img decoding=\"async\" src=\"\/\/themassif.com\/wp-content\/uploads\/2025\/08\/LAGOTORO.webp\" alt=\"\"><\/div><div class=\"cbp-caption-activeWrap\"><div class=\"cbp-l-caption-alignLeft\"><div class=\"cbp-l-caption-body\"><div class=\"cbp-l-caption-title\">Lago Toro<\/div><div class=\"cbp-l-caption-desc\">Trekking desafiante con vista panor\u00e1mica al Lago Toro y la Cordillera Paine.<\/div><\/div><\/div><\/div><\/a><\/div><div class=\"cbp-item navegaciones halfday\"><a href=\"\/\/themassif.com\/navegacion-serrano\/\" class=\"cbp-caption cbp-simpleLink\" data-title=\"Woman artwork\"><div class=\"cbp-caption-defaultWrap\"><img decoding=\"async\" src=\"\/\/themassif.com\/wp-content\/uploads\/2025\/08\/NAVEGACIONSERRANO.webp\" alt=\"\"><\/div><div class=\"cbp-caption-activeWrap\"><div class=\"cbp-l-caption-alignLeft\"><div class=\"cbp-l-caption-body\"><div class=\"cbp-l-caption-title\">Navegaci\u00f3n Serrano<\/div><div class=\"cbp-l-caption-desc\">Navegaci\u00f3n esc\u00e9nica por el R\u00edo Serrano, con vistas \u00fanicas a glaciares, monta\u00f1as y la belleza salvaje de la Patagonia.<\/div><\/div><\/div><\/div><\/a><\/div><div class=\"cbp-item navegaciones halfday\"><a href=\"\/\/themassif.com\/navegacion-grey\/\" class=\"cbp-caption cbp-simpleLink\" data-title=\"Paintings\"><div class=\"cbp-caption-defaultWrap\"><img decoding=\"async\" src=\"\/\/themassif.com\/wp-content\/uploads\/2025\/08\/NAVEGACIONGREY.webp\" alt=\"\"><\/div><div class=\"cbp-caption-activeWrap\"><div class=\"cbp-l-caption-alignLeft\"><div class=\"cbp-l-caption-body\"><div class=\"cbp-l-caption-title\">Navegaci\u00f3n Grey<\/div><div class=\"cbp-l-caption-desc\">Navegaci\u00f3n por el Lago Grey hasta el imponente glaciar, una experiencia \u00fanica entre hielo y paisajes patag\u00f3nicos.<\/div><\/div><\/div><\/div><\/a><\/div><div class=\"cbp-item especiales halfday\"><a href=\"\/\/themassif.com\/cabalgata-3\/\" target=\"_blank\" class=\"cbp-caption cbp-simpleLink\" data-title=\"Faces\"><div class=\"cbp-caption-defaultWrap\"><img decoding=\"async\" src=\"\/\/themassif.com\/cabalgata-nutria\/\" alt=\"\"><\/div><div class=\"cbp-caption-activeWrap\"><div class=\"cbp-l-caption-alignLeft\"><div class=\"cbp-l-caption-body\"><div class=\"cbp-l-caption-title\">Cabalgata<\/div><div class=\"cbp-l-caption-desc\">Recorrido a caballo por Villa Serrano, entre r\u00edos, bosques y paisajes t\u00edpicos de la Patagonia.<\/div><\/div><\/div><\/div><\/a><\/div><div class=\"cbp-item especiales fullday\"><a href=\"\/\/themassif.com\/miradores-del-paine\/\" class=\"cbp-caption cbp-simpleLink\" data-title=\"Lettering Logos\"><div class=\"cbp-caption-defaultWrap\"><img decoding=\"async\" src=\"\/\/themassif.com\/wp-content\/uploads\/2025\/08\/MIRADORESDELPAINE.webp\" alt=\"\"><\/div><div class=\"cbp-caption-activeWrap\"><div class=\"cbp-l-caption-alignLeft\"><div class=\"cbp-l-caption-body\"><div class=\"cbp-l-caption-title\">Miradores del Paine<\/div><div class=\"cbp-l-caption-desc\">Recorrido en veh\u00edculo por los principales miradores del Parque Torres del Paine, finalizando con un picnic con incre\u00edbles vistas.<\/div><\/div><\/div><\/div><\/a><\/div><div class=\"cbp-item especiales fullday\"><a href=\"\/\/themassif.com\/cabalgata-nutria\/\" class=\"cbp-caption cbp-simpleLink\" data-title=\"Lettering Logos\"><div class=\"cbp-caption-defaultWrap\"><img decoding=\"async\" src=\"\/\/themassif.com\/wp-content\/uploads\/2025\/08\/CABALGATA.webp\" alt=\"\"><\/div><div class=\"cbp-caption-activeWrap\"><div class=\"cbp-l-caption-alignLeft\"><div class=\"cbp-l-caption-body\"><div class=\"cbp-l-caption-title\">Cabalgata Nutria<\/div><div class=\"cbp-l-caption-desc\">Recorre a caballo los paisajes patag\u00f3nicos junto a gauchos locales, cruzando r\u00edos y bosques con vistas al imponente Macizo Paine.<\/div><\/div><\/div><\/div><\/a><\/div><\/div><\/div><\/div><script type=\"text\/javascript\">this.initCubePortfolio =  this.initCubePortfolio || []; this.initCubePortfolio.push({id: 190, options: {\"filters\":\"#cbpw-filters190\",\"loadMore\":\"\",\"loadMoreAction\":\"click\",\"search\":\"\",\"layoutMode\":\"grid\",\"sortToPreventGaps\":false,\"drag\":true,\"auto\":false,\"autoTimeout\":5000,\"autoPauseOnHover\":true,\"showNavigation\":true,\"showPagination\":true,\"rewindNav\":true,\"scrollByPage\":false,\"defaultFilter\":\"*\",\"filterDeeplinking\":false,\"animationType\":\"slideDelay\",\"gridAdjustment\":\"responsive\",\"mediaQueries\":[{\"width\":1400,\"cols\":3},{\"width\":1170,\"cols\":3},{\"width\":1024,\"cols\":3},{\"width\":960,\"cols\":3},{\"width\":778,\"cols\":3},{\"width\":640,\"cols\":2},{\"width\":480,\"cols\":1}],\"gapHorizontal\":0,\"gapVertical\":0,\"caption\":\"zoom\",\"displayType\":\"bottomToTop\",\"displayTypeSpeed\":100,\"lightboxDelegate\":\".cbp-lightbox\",\"lightboxGallery\":true,\"lightboxTitleSrc\":\"data-title\",\"lightboxCounter\":\"<div class=\\\"cbp-popup-lightbox-counter\\\">{{current}} of {{total}}<\/div>\",\"singlePageDelegate\":\".cbp-singlePage\",\"singlePageDeeplinking\":true,\"singlePageStickyNavigation\":true,\"singlePageCounter\":\"<div class=\\\"cbp-popup-singlePage-counter\\\">{{current}} of {{total}}<\/div>\",\"singlePageAnimation\":\"middle\",\"singlePageInlineDelegate\":\".cbp-singlePageInline\",\"singlePageInlineDeeplinking\":false,\"singlePageInlinePosition\":\"above\",\"singlePageInlineInFocus\":true,\"plugins\":{},\"cols\":3,\"displayItemsLoadMore\":3,\"coverRatio\":\"\"}});<\/script><\/div><\/div><\/div><\/div>\n<\/div>","protected":false},"excerpt":{"rendered":"Elige uno de lostrekkings con los paisajes m\u00e1s impactantes del planetaCalendarioTarifasAll TREKKING NAVEGACIONES ESPECIALES FULL DAY HALF DAY Base torresTrekking desafiante hacia el mirador Base Torres, entre monta\u00f1as, r\u00edos y bosques patag\u00f3nicos.Valle Franc\u00e9sUna traves\u00eda \u00fanica entre glaciares y monta\u00f1as, donde cada paso revela la fuerza y belleza del coraz\u00f3n del Parque Nacional Torres del Paine.Valle [...]","protected":false},"author":1,"featured_media":0,"parent":0,"menu_order":0,"comment_status":"closed","ping_status":"closed","template":"page.php","meta":{"footnotes":""},"class_list":["post-375","page","type-page","status-publish","hentry"],"_links":{"self":[{"href":"https:\/\/themassif.com\/pt\/wp-json\/wp\/v2\/pages\/375","targetHints":{"allow":["GET"]}}],"collection":[{"href":"https:\/\/themassif.com\/pt\/wp-json\/wp\/v2\/pages"}],"about":[{"href":"https:\/\/themassif.com\/pt\/wp-json\/wp\/v2\/types\/page"}],"author":[{"embeddable":true,"href":"https:\/\/themassif.com\/pt\/wp-json\/wp\/v2\/users\/1"}],"replies":[{"embeddable":true,"href":"https:\/\/themassif.com\/pt\/wp-json\/wp\/v2\/comments?post=375"}],"version-history":[{"count":28,"href":"https:\/\/themassif.com\/pt\/wp-json\/wp\/v2\/pages\/375\/revisions"}],"predecessor-version":[{"id":6027,"href":"https:\/\/themassif.com\/pt\/wp-json\/wp\/v2\/pages\/375\/revisions\/6027"}],"wp:attachment":[{"href":"https:\/\/themassif.com\/pt\/wp-json\/wp\/v2\/media?parent=375"}],"curies":[{"name":"wp","href":"https:\/\/api.w.org\/{rel}","templated":true}]}}