{"id":333,"date":"2023-07-27T19:28:03","date_gmt":"2023-07-27T19:28:03","guid":{"rendered":"https:\/\/hagamosruido.cl\/massif\/?page_id=333"},"modified":"2024-06-17T17:48:06","modified_gmt":"2024-06-17T17:48:06","slug":"trekking","status":"publish","type":"page","link":"https:\/\/themassif.com\/pt\/trekking\/","title":{"rendered":"Trilhas"},"content":{"rendered":"<p>Trilhas<\/p>\n<style>\/*! elementor - v3.16.0 - 13-09-2023 *\/\nbody.elementor-page .elementor-widget-menu-anchor{margin-bottom:0}<\/style>\n<p><a style=\"color: #000000;\" href=\"https:\/\/themassif.com\/pt\/trekking\/base-da-torre\/\">Base Torres<\/a><\/p>\n<p>A caminhada Mirador Base das Torres \u00e9 uma das excurs\u00f5es mais populares e desafiadoras do Parque Nacional Torres del Paine, dura em m\u00e9dia 8 a 10 horas ida e volta, percorrendo aproximadamente 22 quil\u00f4metros. Na trilha voc\u00ea poder\u00e1 apreciar paisagens variadas, incluindo florestas, montanhas, rios e lagos.<\/p>\n<p><a style=\"color: #000000;\" href=\"https:\/\/themassif.com\/pt\/trekking\/valle-frances\/\">Vale Franc\u00eas<\/a><\/p>\n<p>O Vale do Franc\u00eas \u00e9 um dos destinos do circuito \u201cW\u201d, com dura\u00e7\u00e3o m\u00e9dia de 8 horas. Esta fascinante caminhada oferece aos caminhantes uma experi\u00eancia imersiva em uma deslumbrante paisagem montanhosa. A trilha nos leva a um vale cercado por montanhas imponentes, geleiras majestosas e rios caudalosos.<\/p>\n<p><a style=\"color: #000000;\" href=\"https:\/\/themassif.com\/pt\/trekking\/trilha-cinza\/\">Sendero Grey<\/a><\/p>\n<p>A melhor forma de apreciar a majestade de uma geleira \u00e9 caminhar em dire\u00e7\u00e3o a ela. O Grey Trail faz parte do conhecido circuito \u201cW\u201d. Tem dura\u00e7\u00e3o m\u00e9dia de 8 horas com varia\u00e7\u00f5es constantes de altitude. No final do caminho chegaremos ao miradouro que nos surpreender\u00e1 pelos constantes deslizamentos de terra que afetam esta massa de \u00e1gua congelada.<\/p>\n<p><a style=\"color: #000000;\" href=\"https:\/\/themassif.com\/pt\/trekking\/ponto-de-vista-dos-chifres\/\">Mirante Cuernos<\/a><\/p>\n<p>A trilha Mirante Cuernos nos permite ver frente a frente os imponentes Cuernos del Paine, uma fus\u00e3o da rocha sedimentar negra com a forma\u00e7\u00e3o gran\u00edtica que faz desta vista uma das mais impressionantes do mundo. Tem dura\u00e7\u00e3o m\u00e9dia de 2,5 horas na \u00e1rea central do parque.<\/p>\n<p><a style=\"color: #000000;\" href=\"https:\/\/themassif.com\/pt\/trekking\/mirante-condor\/\">mirante Condor<\/a><\/p>\n<p>Uma caminhada imperd\u00edvel dentro do parque nacional \u00e9 o Mirante C\u00f3ndor, que nos leva a um dos locais com as melhores vistas do Lago Pehoe e do Maci\u00e7o Paine. Tem dura\u00e7\u00e3o de 2,5 horas e para isso devemos estar preparados para subir encostas em estradas rochosas e experimentar fortes rajadas de vento t\u00edpicas da Patag\u00f4nia, o que far\u00e1 desta expedi\u00e7\u00e3o uma aventura.<\/p>\n<p><a style=\"color: #000000;\" href=\"https:\/\/themassif.com\/pt\/trekking\/sarmiento\/\">Lago Sarmiento<\/a><\/p>\n<p>Esta atividade nos permitir\u00e1 visitar a praia do maior lago do parque e da regi\u00e3o, cercada por uma vegeta\u00e7\u00e3o exuberante e forma\u00e7\u00f5es org\u00e2nicas \u00fanicas. \u00c9 de baixa dificuldade, o que a torna uma expedi\u00e7\u00e3o acess\u00edvel para quem deseja realizar atividades menos exigentes.<\/p>\n<p><a style=\"color: #000000;\" href=\"https:\/\/themassif.com\/pt\/trekking\/mirante-de-ferrier\/\">Mirante Ferrier<\/a><\/p>\n<p>Pertencente aos Andes patag\u00f4nicos, oferece-nos uma vista panor\u00e2mica do parque Torres del Paine, sendo vis\u00edveis as geleiras Grey, Zapata e Pingo, pertencentes aos campos de gelo do sul e v\u00e1rios dos lagos que fazem parte do local. Tem dura\u00e7\u00e3o de 4 horas com declive acentuado, o que a posiciona como a trilha mais dif\u00edcil de meio dia.<\/p>\n<p><a style=\"color: #000000;\" href=\"https:\/\/themassif.com\/pt\/trekking\/aonikenk\/\">Aonikenk<\/a><\/p>\n<p>Nesta trilha iremos lev\u00e1-lo ao passado observando vest\u00edgios do povo n\u00f4made chamado Aonikenk, onde visitaremos pinturas rupestres criadas h\u00e1 7.000 anos. No caminho at\u00e9 \u00e0 gruta desta pegada hist\u00f3rica, \u00e9 poss\u00edvel observar o melhor da vida selvagem.<\/p>\n<p><a style=\"color: #000000;\" href=\"https:\/\/themassif.com\/pt\/trekking\/lagotoro\/\">LAGO TORO<\/a><\/p>\n<p>Esta trilha desafiadora nos convida a entrar em terrenos \u00edngremes, nos quais seremos recompensados com uma vista panor\u00e2mica onde poderemos apreciar desde o incr\u00edvel Lago Toro at\u00e9 a imponente Cordilheira Paine.<\/p>","protected":false},"excerpt":{"rendered":"<p>Trekking Base Torres La caminata Mirador Base Torres, es una de las excursiones m\u00e1s populares y desafiantes del Parque Nacional Torres del Paine, tiene una duraci\u00f3n en promedio 8 a 10 horas ida y vuelta, abarcando 22 kil\u00f3metros aproximadamente. En el sendero podr\u00e1s apreciar variados paisajes, incluyendo bosques, monta\u00f1as, r\u00edos y lagos. Valle Franc\u00e9s El [&hellip;]<\/p>\n","protected":false},"author":1,"featured_media":0,"parent":0,"menu_order":0,"comment_status":"closed","ping_status":"closed","template":"","meta":{"footnotes":""},"class_list":["post-333","page","type-page","status-publish","hentry"],"_links":{"self":[{"href":"https:\/\/themassif.com\/pt\/wp-json\/wp\/v2\/pages\/333","targetHints":{"allow":["GET"]}}],"collection":[{"href":"https:\/\/themassif.com\/pt\/wp-json\/wp\/v2\/pages"}],"about":[{"href":"https:\/\/themassif.com\/pt\/wp-json\/wp\/v2\/types\/page"}],"author":[{"embeddable":true,"href":"https:\/\/themassif.com\/pt\/wp-json\/wp\/v2\/users\/1"}],"replies":[{"embeddable":true,"href":"https:\/\/themassif.com\/pt\/wp-json\/wp\/v2\/comments?post=333"}],"version-history":[{"count":160,"href":"https:\/\/themassif.com\/pt\/wp-json\/wp\/v2\/pages\/333\/revisions"}],"predecessor-version":[{"id":1931,"href":"https:\/\/themassif.com\/pt\/wp-json\/wp\/v2\/pages\/333\/revisions\/1931"}],"wp:attachment":[{"href":"https:\/\/themassif.com\/pt\/wp-json\/wp\/v2\/media?parent=333"}],"curies":[{"name":"wp","href":"https:\/\/api.w.org\/{rel}","templated":true}]}}