{"id":2269,"date":"2025-01-08T22:34:24","date_gmt":"2025-01-08T22:34:24","guid":{"rendered":"https:\/\/preview.treethemes.com\/pine\/maindemo\/?page_id=745"},"modified":"2025-12-16T14:19:52","modified_gmt":"2025-12-16T14:19:52","slug":"contato","status":"publish","type":"page","link":"https:\/\/themassif.com\/pt\/contacto\/","title":{"rendered":"Contato"},"content":{"rendered":"<div class=\"wpb-content-wrapper\"><div class=\"vc_row wpb_row vc_row-fluid wide-ipad vc_custom_1760986751799 vc_row-has-fill\"><div class=\"wpb_column vc_column_container vc_col-sm-2\"><div class=\"vc_column-inner\"><div class=\"wpb_wrapper\"><\/div><\/div><\/div><div class=\"wpb_column vc_column_container vc_col-sm-8\"><div class=\"vc_column-inner\"><div class=\"wpb_wrapper\"><div class=\"ult-spacer spacer-69e479fca0a0c\" data-id=\"69e479fca0a0c\" data-height=\"100\" data-height-mobile=\"20\" data-height-tab=\"\" data-height-tab-portrait=\"40\" data-height-mobile-landscape=\"20\" style=\"clear:both;display:block;\"><\/div><p style=\"font-size: 1.2em;color: rgba(255,255,255,0.75);text-align: left\" class=\"vc_custom_heading vc_do_custom_heading wpb_animate_when_almost_visible wpb_charsAnimInLong-1 charsAnimInLong-1\" >The Massif<\/p><div data-rellax-speed=\"0.7\" data-rellax-percentage=\"0.7\" data-splitting=\"chars\" class=\"vc_row wpb_row vc_inner vc_row-fluid\"><div class=\"wpb_column vc_column_container vc_col-sm-8\"><div class=\"vc_column-inner\"><div class=\"wpb_wrapper\"><h1 style=\"color: #fcfcfc;text-align: left\" class=\"vc_custom_heading vc_do_custom_heading wpb_animate_when_almost_visible wpb_charsAnimInLong-1 charsAnimInLong-1\" >Contacto<\/h1><\/div><\/div><\/div><div class=\"wpb_column vc_column_container vc_col-sm-4\"><div class=\"vc_column-inner\"><div class=\"wpb_wrapper\"><\/div><\/div><\/div><\/div><div class=\"ult-spacer spacer-69e479fca19e3\" data-id=\"69e479fca19e3\" data-height=\"50\" data-height-mobile=\"20\" data-height-tab=\"\" data-height-tab-portrait=\"40\" data-height-mobile-landscape=\"20\" style=\"clear:both;display:block;\"><\/div><\/div><\/div><\/div><div class=\"wpb_column vc_column_container vc_col-sm-2\"><div class=\"vc_column-inner\"><div class=\"wpb_wrapper\"><\/div><\/div><\/div><\/div><!-- Row Backgrounds --><div class=\"upb_color\" data-bg-override=\"full\" data-bg-color=\"#000000\" data-fadeout=\"\" data-fadeout-percentage=\"30\" data-parallax-content=\"\" data-parallax-content-sense=\"30\" data-row-effect-mobile-disable=\"true\" data-img-parallax-mobile-disable=\"true\" data-rtl=\"false\"  data-custom-vc-row=\"\"  data-vc=\"8.5\"  data-is_old_vc=\"\"  data-theme-support=\"\"   data-overlay=\"true\" data-overlay-color=\"rgba(17,17,17,0.51)\" data-overlay-pattern=\"\" data-overlay-pattern-opacity=\"0.8\" data-overlay-pattern-size=\"\" data-overlay-pattern-attachment=\"scroll\"    ><\/div><div class=\"vc_row wpb_row vc_row-fluid wide-ipad\"><div class=\"wpb_column vc_column_container vc_col-sm-2\"><div class=\"vc_column-inner\"><div class=\"wpb_wrapper\"><\/div><\/div><\/div><div class=\"wpb_animate_when_almost_visible wpb_fadeInUpShort fadeInUpShort wpb_column vc_column_container vc_col-sm-8\"><div class=\"vc_column-inner vc_custom_1705096870415\"><div class=\"wpb_wrapper\"><div class=\"ult-spacer spacer-69e479fca2e35\" data-id=\"69e479fca2e35\" data-height=\"150\" data-height-mobile=\"80\" data-height-tab=\"120\" data-height-tab-portrait=\"100\" data-height-mobile-landscape=\"80\" style=\"clear:both;display:block;\"><\/div><div data-rellax-speed=\"0.7\" data-rellax-percentage=\"0.7\" class=\"vc_row wpb_row vc_inner vc_row-fluid wide-2col unset-landscape\"><div class=\"wpb_column vc_column_container vc_col-sm-4\"><div class=\"vc_column-inner vc_custom_1676745492434\"><div class=\"wpb_wrapper\"><div class=\"ult-animation  ult-animate-viewport  ult-no-mobile \" data-animate=\"fadeIn\" data-animation-delay=\"0\" data-animation-duration=\"1\" data-animation-iteration=\"1\" style=\"opacity:0;\" data-opacity_start_effect=\"\"><div class=\"ult-spacer spacer-69e479fca3506\" data-id=\"69e479fca3506\" data-height=\"\" data-height-mobile=\"40\" data-height-tab=\"\" data-height-tab-portrait=\"\" data-height-mobile-landscape=\"40\" style=\"clear:both;display:block;\"><\/div><div class=\"aio-icon-component   line-in style_1\"><div id=\"Info-box-wrap-2012\" class=\"aio-icon-box left-icon\" style=\"\"  ><div class=\"aio-icon-left\"><div class=\"ult-just-icon-wrapper  \"><div class=\"align-icon\" style=\"text-align:center;\">\n<div class=\"aio-icon advanced \"  style=\"color:#ffffff;background:#111111;border-style:;border-color:#333333;border-width:1px;width:55px;height:55px;line-height:55px;border-radius:500px;font-size:25px;display:inline-block;\">\n\t<i class=\"Defaults-phone\"><\/i>\n<\/div><\/div><\/div><\/div><div class=\"aio-ibd-block\"><div class=\"aio-icon-header\" ><h3 class=\"aio-icon-title ult-responsive\"  data-ultimate-target='#Info-box-wrap-2012 .aio-icon-title'  data-responsive-json-new='{\"font-size\":\"desktop:22px;\",\"line-height\":\"\"}'  style=\"color:#111111;\">Telefono<\/h3><\/div> <!-- header --><div class=\"aio-icon-description ult-responsive\"  data-ultimate-target='#Info-box-wrap-2012 .aio-icon-description'  data-responsive-json-new='{\"font-size\":\"desktop:18px;\",\"line-height\":\"\"}'  style=\"\">+56 9 3243 2389<\/div> <!-- description --><\/div> <!-- aio-ibd-block --><\/div> <!-- aio-icon-box --><\/div> <!-- aio-icon-component --><\/div><\/div><\/div><\/div><div class=\"wpb_column vc_column_container vc_col-sm-4\"><div class=\"vc_column-inner vc_custom_1676745484200\"><div class=\"wpb_wrapper\"><div class=\"ult-spacer spacer-69e479fca38cc\" data-id=\"69e479fca38cc\" data-height=\"\" data-height-mobile=\"40\" data-height-tab=\"\" data-height-tab-portrait=\"\" data-height-mobile-landscape=\"40\" style=\"clear:both;display:block;\"><\/div><div class=\"ult-animation  ult-animate-viewport  ult-no-mobile \" data-animate=\"fadeIn\" data-animation-delay=\"0.2\" data-animation-duration=\"1\" data-animation-iteration=\"1\" style=\"opacity:0;\" data-opacity_start_effect=\"\"><div class=\"aio-icon-component   line-in dark style_1\"><div id=\"Info-box-wrap-1267\" class=\"aio-icon-box left-icon\" style=\"\"  ><div class=\"aio-icon-left\"><div class=\"ult-just-icon-wrapper  \"><div class=\"align-icon\" style=\"text-align:center;\">\n<div class=\"aio-icon advanced \"  style=\"color:#ffffff;background:#111111;border-style:;border-color:#333333;border-width:1px;width:55px;height:55px;line-height:55px;border-radius:500px;font-size:25px;display:inline-block;\">\n\t<i class=\"Defaults-thumb-tack\"><\/i>\n<\/div><\/div><\/div><\/div><div class=\"aio-ibd-block\"><div class=\"aio-icon-header\" ><h3 class=\"aio-icon-title ult-responsive\"  data-ultimate-target='#Info-box-wrap-1267 .aio-icon-title'  data-responsive-json-new='{\"font-size\":\"desktop:22px;\",\"line-height\":\"\"}'  style=\"color:#111111;\">Direcci\u00f3n<\/h3><\/div> <!-- header --><div class=\"aio-icon-description ult-responsive\"  data-ultimate-target='#Info-box-wrap-1267 .aio-icon-description'  data-responsive-json-new='{\"font-size\":\"desktop:18px;\",\"line-height\":\"\"}'  style=\"\">r\u00edo serrano hotel + spa<div class=\"aio-icon-read-div\"><a class=\"aio-icon-read\" href=\"https:\/\/maps.app.goo.gl\/i4NMhyeQWubquvXD6\" target=\"_blank\" rel=\"noopener\" >Ver mapa<\/a><\/div><\/div> <!-- description --><\/div> <!-- aio-ibd-block --><\/div> <!-- aio-icon-box --><\/div> <!-- aio-icon-component --><\/div><\/div><\/div><\/div><div class=\"wpb_column vc_column_container vc_col-sm-4\"><div class=\"vc_column-inner vc_custom_1676745498111\"><div class=\"wpb_wrapper\"><div class=\"ult-spacer spacer-69e479fca3d24\" data-id=\"69e479fca3d24\" data-height=\"\" data-height-mobile=\"40\" data-height-tab=\"\" data-height-tab-portrait=\"40\" data-height-mobile-landscape=\"40\" style=\"clear:both;display:block;\"><\/div><div class=\"ult-animation  ult-animate-viewport  ult-no-mobile \" data-animate=\"fadeIn\" data-animation-delay=\"0.4\" data-animation-duration=\"1\" data-animation-iteration=\"1\" style=\"opacity:0;\" data-opacity_start_effect=\"\"><div class=\"aio-icon-component   line-in dark style_1\"><div id=\"Info-box-wrap-5604\" class=\"aio-icon-box left-icon\" style=\"\"  ><div class=\"aio-icon-left\"><div class=\"ult-just-icon-wrapper  \"><div class=\"align-icon\" style=\"text-align:center;\">\n<div class=\"aio-icon advanced \"  style=\"color:#ffffff;background:#111111;border-style:;border-color:#333333;border-width:1px;width:55px;height:55px;line-height:55px;border-radius:500px;font-size:25px;display:inline-block;\">\n\t<i class=\"Defaults-envelope-o\"><\/i>\n<\/div><\/div><\/div><\/div><div class=\"aio-ibd-block\"><div class=\"aio-icon-header\" ><h3 class=\"aio-icon-title ult-responsive\"  data-ultimate-target='#Info-box-wrap-5604 .aio-icon-title'  data-responsive-json-new='{\"font-size\":\"desktop:22px;\",\"line-height\":\"\"}'  style=\"color:#111111;\">Email<\/h3><\/div> <!-- header --><div class=\"aio-icon-description ult-responsive\"  data-ultimate-target='#Info-box-wrap-5604 .aio-icon-description'  data-responsive-json-new='{\"font-size\":\"desktop:18px;\",\"line-height\":\"\"}'  style=\"\">reservas@themassif.com<\/div> <!-- description --><\/div> <!-- aio-ibd-block --><\/div> <!-- aio-icon-box --><\/div> <!-- aio-icon-component --><\/div><\/div><\/div><\/div><\/div><div class=\"ult-spacer spacer-69e479fca3f4e\" data-id=\"69e479fca3f4e\" data-height=\"40\" data-height-mobile=\"40\" data-height-tab=\"\" data-height-tab-portrait=\"40\" data-height-mobile-landscape=\"40\" style=\"clear:both;display:block;\"><\/div>\n<div class=\"wpcf7 no-js\" id=\"wpcf7-f2420-o1\" lang=\"en-US\" dir=\"ltr\" data-wpcf7-id=\"2420\">\n<div class=\"screen-reader-response\"><p role=\"status\" aria-live=\"polite\" aria-atomic=\"true\"><\/p> <ul><\/ul><\/div>\n<form action=\"\/pt\/wp-json\/wp\/v2\/pages\/2269#wpcf7-f2420-o1\" method=\"post\" class=\"wpcf7-form init\" aria-label=\"Contact form\" novalidate=\"novalidate\" data-status=\"init\">\n<fieldset class=\"hidden-fields-container\"><input type=\"hidden\" name=\"_wpcf7\" value=\"2420\" \/><input type=\"hidden\" name=\"_wpcf7_version\" value=\"6.1.5\" \/><input type=\"hidden\" name=\"_wpcf7_locale\" value=\"en_US\" \/><input type=\"hidden\" name=\"_wpcf7_unit_tag\" value=\"wpcf7-f2420-o1\" \/><input type=\"hidden\" name=\"_wpcf7_container_post\" value=\"0\" \/><input type=\"hidden\" name=\"_wpcf7_posted_data_hash\" value=\"\" \/>\n<\/fieldset>\n<div style=\"background:transparent; max-width:820px; margin:0 auto;\">\n\n <!-- Fila 1: Nombre y Apellido -->\n\t<div style=\"display:flex; flex-wrap:wrap; margin-bottom:14px; background:transparent;\">\n\t\t<div style=\"width:50%; padding-right:10px;\">\n\t\t\t<p><label style=\"display:block; margin-bottom:5px; font-weight:600;\">Nombre<\/label><br \/>\n<input type=\"text\" name=\"first-name\" required\n             style=\"width:100%; background:transparent; border:1px solid rgba(0,0,0,.8); padding:12px; color:#111; border-radius:0; outline:none; box-shadow:none;\" \/>\n\t\t\t<\/p>\n\t\t<\/div>\n\t\t<div style=\"width:50%; padding-left:10px;\">\n\t\t\t<p><label style=\"display:block; margin-bottom:5px; font-weight:600;\">Apellido<\/label><br \/>\n<input type=\"text\" name=\"last-name\" required\n             style=\"width:100%; background:transparent; border:1px solid rgba(0,0,0,.8); padding:12px; color:#111; border-radius:0; outline:none; box-shadow:none;\" \/>\n\t\t\t<\/p>\n\t\t<\/div>\n\t<\/div>\n\n <!-- Fila 2: Correo y Tel\u00e9fono -->\n\t<div style=\"display:flex; flex-wrap:wrap; margin-bottom:14px; background:transparent;\">\n\t\t<div style=\"width:50%; padding-right:10px;\">\n\t\t\t<p><label style=\"display:block; margin-bottom:5px; font-weight:600;\">Correo<\/label><br \/>\n<input type=\"email\" name=\"your-email\" required\n             style=\"width:100%; background:transparent; border:1px solid rgba(0,0,0,.8); padding:12px; color:#111; border-radius:0; outline:none; box-shadow:none;\" \/>\n\t\t\t<\/p>\n\t\t<\/div>\n\t\t<div style=\"width:50%; padding-left:10px;\">\n\t\t\t<p><label style=\"display:block; margin-bottom:5px; font-weight:600;\">Tel\u00e9fono<\/label><br \/>\n<input type=\"tel\" name=\"your-phone\" required pattern=\"[0-9]+\"\n             style=\"width:100%; background:transparent; border:1px solid rgba(0,0,0,.8); padding:12px; color:#111; border-radius:0; outline:none; box-shadow:none;\" \/>\n\t\t\t<\/p>\n\t\t<\/div>\n\t<\/div>\n\n <!-- Fila 3: Mensaje -->\n\t<div style=\"margin-top:0; background:transparent;\">\n\t\t<p><label style=\"display:block; margin-bottom:5px; font-weight:600;\">Mensaje<\/label><br \/>\n<textarea name=\"your-message\" required rows=\"6\"\n              style=\"width:100%; background:transparent; border:1px solid rgba(0,0,0,.8); padding:12px; color:#111; border-radius:0; outline:none; box-shadow:none; resize:vertical;\"><\/textarea>\n\t\t<\/p>\n\t<\/div>\n\n <!-- Bot\u00f3n de env\u00edo -->\n\t<div style=\"text-align:center; margin-top:18px;\">\n\t\t<p><input type=\"submit\" value=\"ENVIAR\"\n           style=\"background:transparent; border:none; letter-spacing:2px; font-weight:600; cursor:pointer; padding:12px 20px;\" \/>\n\t\t<\/p>\n\t<\/div>\n<\/div><div class=\"wpcf7-response-output\" aria-hidden=\"true\"><\/div>\n<\/form>\n<\/div>\n<div class=\"ult-spacer spacer-69e479fca7b71\" data-id=\"69e479fca7b71\" data-height=\"150\" data-height-mobile=\"100\" data-height-tab=\"120\" data-height-tab-portrait=\"120\" data-height-mobile-landscape=\"100\" style=\"clear:both;display:block;\"><\/div><\/div><\/div><\/div><div class=\"wpb_column vc_column_container vc_col-sm-2\"><div class=\"vc_column-inner\"><div class=\"wpb_wrapper\"><\/div><\/div><\/div><\/div><!-- Row Backgrounds --><div class=\"upb_bg_img\" data-ultimate-bg=\"url(https:\/\/themassif.com\/wp-content\/uploads\/2025\/10\/montana2-scaled.webp)\" data-image-id=\"id^5923|url^https:\/\/themassif.com\/wp-content\/uploads\/2025\/10\/montana2-scaled.webp|caption^null|alt^null|title^montan\u0303a2|description^null\" data-ultimate-bg-style=\"vcpb-hz-jquery\" data-bg-img-repeat=\"no-repeat\" data-bg-img-size=\"cover\" data-bg-img-position=\"\" data-parallx_sense=\"30\" data-bg-override=\"full\" data-bg_img_attach=\"fixed\" data-upb-overlay-color=\"#FFFFFFD9\" data-upb-bg-animation=\"\" data-fadeout=\"\" data-bg-animation=\"left-animation\" data-bg-animation-type=\"h\" data-animation-repeat=\"repeat\" data-fadeout-percentage=\"30\" data-parallax-content=\"\" data-parallax-content-sense=\"30\" data-row-effect-mobile-disable=\"true\" data-img-parallax-mobile-disable=\"true\" data-rtl=\"false\"  data-custom-vc-row=\"\"  data-vc=\"8.5\"  data-is_old_vc=\"\"  data-theme-support=\"\"   data-overlay=\"true\" data-overlay-color=\"#FFFFFFD9\" data-overlay-pattern=\"\" data-overlay-pattern-opacity=\"0.8\" data-overlay-pattern-size=\"\" data-overlay-pattern-attachment=\"scroll\"    ><\/div>\n<\/div>","protected":false},"excerpt":{"rendered":"The MassifContacto Telefono +56 9 3243 2389 Direcci\u00f3n r\u00edo serrano hotel + spaVer mapa Email reservas@themassif.com Nombre Apellido Correo Tel\u00e9fono Mensaje","protected":false},"author":2,"featured_media":0,"parent":0,"menu_order":0,"comment_status":"closed","ping_status":"closed","template":"page.php","meta":{"footnotes":""},"class_list":["post-2269","page","type-page","status-publish","hentry"],"_links":{"self":[{"href":"https:\/\/themassif.com\/pt\/wp-json\/wp\/v2\/pages\/2269","targetHints":{"allow":["GET"]}}],"collection":[{"href":"https:\/\/themassif.com\/pt\/wp-json\/wp\/v2\/pages"}],"about":[{"href":"https:\/\/themassif.com\/pt\/wp-json\/wp\/v2\/types\/page"}],"author":[{"embeddable":true,"href":"https:\/\/themassif.com\/pt\/wp-json\/wp\/v2\/users\/2"}],"replies":[{"embeddable":true,"href":"https:\/\/themassif.com\/pt\/wp-json\/wp\/v2\/comments?post=2269"}],"version-history":[{"count":14,"href":"https:\/\/themassif.com\/pt\/wp-json\/wp\/v2\/pages\/2269\/revisions"}],"predecessor-version":[{"id":6210,"href":"https:\/\/themassif.com\/pt\/wp-json\/wp\/v2\/pages\/2269\/revisions\/6210"}],"wp:attachment":[{"href":"https:\/\/themassif.com\/pt\/wp-json\/wp\/v2\/media?parent=2269"}],"curies":[{"name":"wp","href":"https:\/\/api.w.org\/{rel}","templated":true}]}}