{"id":5549,"date":"2025-09-01T19:45:37","date_gmt":"2025-09-01T19:45:37","guid":{"rendered":"https:\/\/themassif.com\/?page_id=5549"},"modified":"2025-12-17T13:38:18","modified_gmt":"2025-12-17T13:38:18","slug":"tower-base","status":"publish","type":"page","link":"https:\/\/themassif.com\/en\/base-torres\/","title":{"rendered":"Base Towers"},"content":{"rendered":"<div class=\"wpb-content-wrapper\"><div class=\"vc_row wpb_row vc_row-fluid align-center-mobile vc_custom_1760642165168\"><div class=\"wpb_column vc_column_container vc_col-sm-12\"><div class=\"vc_column-inner\"><div class=\"wpb_wrapper\"><div data-rellax-speed=\"0.7\" data-rellax-percentage=\"0.7\" data-splitting=\"chars\" class=\"vc_row wpb_row vc_inner vc_row-fluid\"><div class=\"wpb_column vc_column_container vc_col-sm-12\"><div class=\"vc_column-inner\"><div class=\"wpb_wrapper\"><h5 style=\"color: #FFFFFF;text-align: center\" class=\"vc_custom_heading vc_do_custom_heading h3-custom-css align-center wpb_animate_when_almost_visible wpb_charsAnimInLong-1 charsAnimInLong-1\" >A CLASSIC PATAGONIAN CHALLENGE<\/h5><\/div><\/div><\/div><\/div><div class=\"ult-spacer spacer-69e47b7527b9c\" data-id=\"69e47b7527b9c\" data-height=\"20\" data-height-mobile=\"10\" data-height-tab=\"20\" data-height-tab-portrait=\"20\" data-height-mobile-landscape=\"10\" style=\"clear:both;display:block;\"><\/div><div data-rellax-speed=\"0.7\" data-rellax-percentage=\"0.7\" data-splitting=\"chars\" class=\"vc_row wpb_row vc_inner vc_row-fluid\"><div class=\"wpb_column vc_column_container vc_col-sm-12\"><div class=\"vc_column-inner\"><div class=\"wpb_wrapper\"><h2 style=\"color: #FFFFFF;text-align: center\" class=\"vc_custom_heading vc_do_custom_heading h3-custom-css align-center wpb_animate_when_almost_visible wpb_charsAnimInLong-1 charsAnimInLong-1\" >TORRES BASE<\/h2><\/div><\/div><\/div><\/div><div class=\"ult-spacer spacer-69e47b7528082\" data-id=\"69e47b7528082\" data-height=\"70\" data-height-mobile=\"30\" data-height-tab=\"50\" data-height-tab-portrait=\"40\" data-height-mobile-landscape=\"30\" style=\"clear:both;display:block;\"><\/div><div class=\"ult-animation  ult-animate-viewport  ult-no-mobile\" data-animate=\"fadeInUpShort\" data-animation-delay=\"1\" data-animation-duration=\"1\" data-animation-iteration=\"1\" style=\"opacity:0;\" data-opacity_start_effect=\"\"><div data-rellax-speed=\"0.7\" data-rellax-percentage=\"0.7\" class=\"vc_row wpb_row vc_inner vc_row-fluid\"><div class=\"wpb_column vc_column_container vc_col-sm-3\"><div class=\"vc_column-inner\"><div class=\"wpb_wrapper\"><div class=\"aio-icon-component    style_1\"><div id=\"Info-box-wrap-5610\" class=\"aio-icon-box tooltip-icon\" style=\"\"  ><div class=\"aio-icon-tooltip\"><div class=\"ult-just-icon-wrapper\"><div class=\"align-icon\" style=\"text-align:center;\">\n<div class=\"aio-icon none\"  style=\"color:#FFFFFF;font-size:60px;display:inline-block;\">\n\t<i class=\"Defaults-clock-o\"><\/i>\n<\/div><\/div><\/div><\/div><div class=\"aio-icon-header\" ><h3 class=\"aio-icon-title ult-responsive\"  data-ultimate-target='#Info-box-wrap-5610 .aio-icon-title'  data-responsive-json-new='{\"font-size\":\"desktop:15px;tablet_portrait:13px;\",\"line-height\":\"\"}'  style=\"font-family:&#039;Plus Jakarta Sans&#039;;font-weight:600;color:#fcfcfc;\">Full day<\/h3><\/div> <!-- header --><\/div> <!-- aio-icon-box --><\/div> <!-- aio-icon-component --><div class=\"vc_empty_space\"   style=\"height: 50px\"><span class=\"vc_empty_space_inner\"><\/span><\/div><\/div><\/div><\/div><div class=\"wpb_column vc_column_container vc_col-sm-3\"><div class=\"vc_column-inner\"><div class=\"wpb_wrapper\"><div class=\"aio-icon-component    style_1\"><div id=\"Info-box-wrap-9970\" class=\"aio-icon-box tooltip-icon\" style=\"\"  ><div class=\"aio-icon-tooltip\"><div class=\"ult-just-icon-wrapper\"><div class=\"align-icon\" style=\"text-align:center;\">\n<div class=\"aio-icon none\"  style=\"color:#FFFFFF;font-size:60px;display:inline-block;\">\n\t<i class=\"Defaults-street-view\"><\/i>\n<\/div><\/div><\/div><\/div><div class=\"aio-icon-header\" ><h3 class=\"aio-icon-title ult-responsive\"  data-ultimate-target='#Info-box-wrap-9970 .aio-icon-title'  data-responsive-json-new='{\"font-size\":\"desktop:15px;tablet_portrait:13px;\",\"line-height\":\"\"}'  style=\"font-family:&#039;Plus Jakarta Sans&#039;;font-weight:600;color:#fcfcfc;\">12 - 13 Hrs \/ 22km<\/h3><\/div> <!-- header --><\/div> <!-- aio-icon-box --><\/div> <!-- aio-icon-component --><div class=\"vc_empty_space\"   style=\"height: 50px\"><span class=\"vc_empty_space_inner\"><\/span><\/div><\/div><\/div><\/div><div class=\"wpb_column vc_column_container vc_col-sm-3\"><div class=\"vc_column-inner\"><div class=\"wpb_wrapper\"><div class=\"aio-icon-component    style_1\"><div id=\"Info-box-wrap-3799\" class=\"aio-icon-box tooltip-icon\" style=\"\"  ><div class=\"aio-icon-tooltip\"><div class=\"ult-just-icon-wrapper\"><div class=\"align-icon\" style=\"text-align:center;\">\n<div class=\"aio-icon none\"  style=\"color:#FFFFFF;font-size:60px;display:inline-block;\">\n\t<i class=\"Defaults-line-chart\"><\/i>\n<\/div><\/div><\/div><\/div><div class=\"aio-icon-header\" ><h3 class=\"aio-icon-title ult-responsive\"  data-ultimate-target='#Info-box-wrap-3799 .aio-icon-title'  data-responsive-json-new='{\"font-size\":\"desktop:15px;tablet_portrait:13px;\",\"line-height\":\"\"}'  style=\"font-family:&#039;Plus Jakarta Sans&#039;;font-weight:600;color:#fcfcfc;\">120 - 875 M.A.S.L.<\/h3><\/div> <!-- header --><\/div> <!-- aio-icon-box --><\/div> <!-- aio-icon-component --><div class=\"vc_empty_space\"   style=\"height: 50px\"><span class=\"vc_empty_space_inner\"><\/span><\/div><\/div><\/div><\/div><div class=\"wpb_column vc_column_container vc_col-sm-3\"><div class=\"vc_column-inner\"><div class=\"wpb_wrapper\"><div class=\"aio-icon-component    style_1\"><div id=\"Info-box-wrap-5079\" class=\"aio-icon-box tooltip-icon\" style=\"\"  ><div class=\"aio-icon-tooltip\"><div class=\"ult-just-icon-wrapper\"><div class=\"align-icon\" style=\"text-align:center;\">\n<div class=\"aio-icon none\"  style=\"color:#FFFFFF;font-size:60px;display:inline-block;\">\n\t<i class=\"Defaults-signal\"><\/i>\n<\/div><\/div><\/div><\/div><div class=\"aio-icon-header\" ><h3 class=\"aio-icon-title ult-responsive\"  data-ultimate-target='#Info-box-wrap-5079 .aio-icon-title'  data-responsive-json-new='{\"font-size\":\"desktop:15px;tablet_portrait:13px;\",\"line-height\":\"\"}'  style=\"font-family:&#039;Plus Jakarta Sans&#039;;font-weight:600;color:#fcfcfc;\">High Difficulty<\/h3><\/div> <!-- header --><\/div> <!-- aio-icon-box --><\/div> <!-- aio-icon-component --><div class=\"vc_empty_space\"   style=\"height: 50px\"><span class=\"vc_empty_space_inner\"><\/span><\/div><\/div><\/div><\/div><\/div><\/div><\/div><\/div><\/div><\/div><!-- Row Backgrounds --><div class=\"upb_bg_img\" data-ultimate-bg=\"url(https:\/\/themassif.com\/wp-content\/uploads\/2025\/10\/107517-105987-istock_000044328830_medium.jpg)\" data-image-id=\"id^5745|url^https:\/\/themassif.com\/wp-content\/uploads\/2025\/10\/107517-105987-istock_000044328830_medium.jpg|caption^null|alt^null|title^107517-105987-istock_000044328830_medium|description^null\" data-ultimate-bg-style=\"vcpb-default\" data-bg-img-repeat=\"no-repeat\" data-bg-img-size=\"cover\" data-bg-img-position=\"\" data-parallx_sense=\"30\" data-bg-override=\"ex-full\" data-bg_img_attach=\"scroll\" data-upb-overlay-color=\"rgba(17,17,17,0.75)\" data-upb-bg-animation=\"\" data-fadeout=\"\" data-bg-animation=\"left-animation\" data-bg-animation-type=\"h\" data-animation-repeat=\"repeat\" data-fadeout-percentage=\"30\" data-parallax-content=\"\" data-parallax-content-sense=\"30\" data-row-effect-mobile-disable=\"true\" data-img-parallax-mobile-disable=\"true\" data-rtl=\"false\"  data-custom-vc-row=\"\"  data-vc=\"8.5\"  data-is_old_vc=\"\"  data-theme-support=\"\"   data-overlay=\"true\" data-overlay-color=\"rgba(17,17,17,0.75)\" data-overlay-pattern=\"\" data-overlay-pattern-opacity=\"0.8\" data-overlay-pattern-size=\"\" data-overlay-pattern-attachment=\"scroll\"    ><\/div><div class=\"vc_row wpb_row vc_row-fluid\"><div class=\"wpb_column vc_column_container vc_col-sm-12\"><div class=\"vc_column-inner\"><div class=\"wpb_wrapper\"><div class=\"vc_empty_space\"   style=\"height: 40px\"><span class=\"vc_empty_space_inner\"><\/span><\/div><h2 style=\"text-align: center\" class=\"vc_custom_heading vc_do_custom_heading wpb_animate_when_almost_visible wpb_fadeInLeft fadeInLeft\" >Description of the experience<\/h2><\/div><\/div><\/div><\/div><div class=\"vc_row wpb_row vc_row-fluid wpb_animate_when_almost_visible wpb_fadeIn fadeIn\"><div class=\"wpb_column vc_column_container vc_col-sm-2\"><div class=\"vc_column-inner\"><div class=\"wpb_wrapper\"><div class=\"vc_empty_space\"   style=\"height: 40px\"><span class=\"vc_empty_space_inner\"><\/span><\/div><\/div><\/div><\/div><div class=\"wpb_column vc_column_container vc_col-sm-8\"><div class=\"vc_column-inner\"><div class=\"wpb_wrapper\"><div class=\"vc_empty_space\"   style=\"height: 40px\"><span class=\"vc_empty_space_inner\"><\/span><\/div>\n\t<div class=\"wpb_text_column wpb_content_element wpb_animate_when_almost_visible wpb_fadeInDown fadeInDown\" >\n\t\t<div class=\"wpb_wrapper\">\n\t\t\t<p>One of the most demanding excursions and part of the famous W circuit of the Paine massif. We will move to the northeast of the Torres del Paine National Park until we reach Estancia Cerro Paine, then we will begin the journey through the Ascencio Valley to reach the iconic view of the 3 Torres del Paine.<\/p>\n\n\t\t<\/div>\n\t<\/div>\n<div class=\"vc_empty_space\"   style=\"height: 10px\"><span class=\"vc_empty_space_inner\"><\/span><\/div>\n\t<div class=\"wpb_text_column wpb_content_element wpb_animate_when_almost_visible wpb_fadeInDown fadeInDown\" >\n\t\t<div class=\"wpb_wrapper\">\n\t\t\t<p>After crossing the Ascencio River, we begin the ascent through one of the shoulders of Mount Almirante Nieto (2,600 m.a.s.l.) towards the pass of the winds, here we will enjoy the panoramic view of the surroundings.<\/p>\n\n\t\t<\/div>\n\t<\/div>\n<div class=\"vc_empty_space\"   style=\"height: 10px\"><span class=\"vc_empty_space_inner\"><\/span><\/div>\n\t<div class=\"wpb_text_column wpb_content_element wpb_animate_when_almost_visible wpb_fadeInDown fadeInDown\" >\n\t\t<div class=\"wpb_wrapper\">\n\t\t\t<p>We begin the descent to the Refugio Chileno, where we will have already completed 3 kms. to continue ascending, surrounded by a forest of Lengas and glacier slopes, until we reach the last flat sector (550 m.a.s.l.). After a brief rest, we will ascend about 300 mt. (1 hour) through the complicated moraine, being this the last km. of the trail. Finally we arrive at Torres del Paine and its turquoise periglacial lagoon. Scenery that turns Torres del Paine Park into the Eighth Wonder of the World.<\/p>\n\n\t\t<\/div>\n\t<\/div>\n<\/div><\/div><\/div><div class=\"wpb_column vc_column_container vc_col-sm-2\"><div class=\"vc_column-inner\"><div class=\"wpb_wrapper\"><\/div><\/div><\/div><\/div><div class=\"vc_row wpb_row vc_row-fluid\"><div class=\"wpb_column vc_column_container vc_col-sm-12\"><div class=\"vc_column-inner\"><div class=\"wpb_wrapper\"><div class=\"vc_empty_space\"   style=\"height: 40px\"><span class=\"vc_empty_space_inner\"><\/span><\/div><\/div><\/div><\/div><\/div><div class=\"vc_row wpb_row vc_row-fluid wide-ipad vc_custom_1765893813975\"><div class=\"wpb_column vc_column_container vc_col-sm-3\"><div class=\"vc_column-inner\"><div class=\"wpb_wrapper\"><\/div><\/div><\/div><div class=\"wpb_column vc_column_container vc_col-sm-3\"><div class=\"vc_column-inner\"><div class=\"wpb_wrapper\"><\/div><\/div><\/div><div class=\"wpb_column vc_column_container vc_col-sm-3\"><div class=\"vc_column-inner\"><div class=\"wpb_wrapper\"><h2 style=\"color: #ffffff;text-align: left\" class=\"vc_custom_heading vc_do_custom_heading\" >TORRES BASE<\/h2><p style=\"font-size: 1.2em;color: #ffffff;line-height: 1.5em;text-align: left\" class=\"vc_custom_heading vc_do_custom_heading\" >The Base Towers viewpoint hike is one of the most popular and challenging excursions in Torres del Paine National Park, it lasts an average of 8 to 10 hours round trip, covering approximately 22 kilometers. On the trail you will be able to appreciate varied landscapes, including forests, mountains, rivers and lakes.<\/p><\/div><\/div><\/div><div class=\"wpb_column vc_column_container vc_col-sm-3\"><div class=\"vc_column-inner\"><div class=\"wpb_wrapper\"><\/div><\/div><\/div><\/div><!-- Row Backgrounds --><div class=\"upb_bg_img\" data-ultimate-bg=\"url(https:\/\/themassif.com\/wp-content\/uploads\/2025\/10\/shutterstock-1832891464_standard.webp)\" data-image-id=\"id^5815|url^https:\/\/themassif.com\/wp-content\/uploads\/2025\/10\/shutterstock-1832891464_standard.webp|caption^null|alt^null|title^shutterstock-1832891464_standard|description^null\" data-ultimate-bg-style=\"vcpb-default\" data-bg-img-repeat=\"no-repeat\" data-bg-img-size=\"cover\" data-bg-img-position=\"\" data-parallx_sense=\"30\" data-bg-override=\"ex-full\" data-bg_img_attach=\"fixed\" data-upb-overlay-color=\"rgba(17,17,17,0.85)\" data-upb-bg-animation=\"\" data-fadeout=\"\" data-bg-animation=\"left-animation\" data-bg-animation-type=\"h\" data-animation-repeat=\"repeat\" data-fadeout-percentage=\"30\" data-parallax-content=\"\" data-parallax-content-sense=\"30\" data-row-effect-mobile-disable=\"true\" data-img-parallax-mobile-disable=\"true\" data-rtl=\"false\"  data-custom-vc-row=\"\"  data-vc=\"8.5\"  data-is_old_vc=\"\"  data-theme-support=\"\"   data-overlay=\"true\" data-overlay-color=\"rgba(17,17,17,0.85)\" data-overlay-pattern=\"\" data-overlay-pattern-opacity=\"0.8\" data-overlay-pattern-size=\"\" data-overlay-pattern-attachment=\"scroll\"     data-hide-row=\" uvc_hidden-md  uvc_hidden-sm  uvc_hidden-xs  uvc_hidden-xsl \" ><\/div><div class=\"vc_row wpb_row vc_row-fluid wide-ipad\"><div class=\"local-scroll wpb_column vc_column_container vc_col-sm-6 vc_hidden-md vc_hidden-sm vc_hidden-xs\"><div class=\"vc_column-inner\"><div class=\"wpb_wrapper\"><div class=\"ult-content-box-container\" >\t\t<div class=\"ult-content-box\" style=\"box-shadow: px px px px none;margin-top:0px;margin-right:120px;margin-bottom:50px;margin-left:100px;-webkit-transition: all 700ms ease;-moz-transition: all 700ms ease;-ms-transition: all 700ms ease;-o-transition: all 700ms ease;transition: all 700ms ease;\"  data-hover_box_shadow=\"none\"   data-responsive_margins=\"margin:0px;\"   data-normal_margins=\"margin-top:0px;margin-right:120px;margin-bottom:50px;margin-left:100px;\"  >\n\t<div  class=\"parallax-mousemove wpb_single_image wpb_content_element vc_align_left  call-action-4-image-1\">\n\t\t\n\t\t\n\t\t<figure class=\"wpb_wrapper vc_figure wpb_animate_when_almost_visible wpb_scaleOutIn scaleOutIn\">\n\t\t\t<div class=\"vc_single_image-wrapper   vc_box_border_grey\"><\/div>\n\t\t<\/figure>\n\t<\/div>\n<div data-rellax-y data-rellax-vertical-scroll-axis=\"y\" data-rellax-speed=\"0.7\" data-rellax-percentage=\"0.7\" class=\"vc_row wpb_row vc_inner vc_row-fluid\"><div class=\"wpb_column vc_column_container vc_col-sm-12\"><div class=\"vc_column-inner\"><div class=\"wpb_wrapper\"><div class=\"vc_empty_space\"   style=\"height: 80px\"><span class=\"vc_empty_space_inner\"><\/span><\/div>\n\t<div  class=\"parallax-mousemove wpb_single_image wpb_content_element vc_align_left  call-action-4-image-2\">\n\t\t\n\t\t\n\t\t<figure class=\"wpb_wrapper vc_figure wpb_animate_when_almost_visible wpb_scaleOutIn scaleOutIn\">\n\t\t\t<div class=\"vc_single_image-wrapper   vc_box_border_grey\"><img loading=\"lazy\" decoding=\"async\" width=\"1920\" height=\"2400\" src=\"https:\/\/themassif.com\/wp-content\/uploads\/2025\/10\/RIO-SERRANO-14.webp\" class=\"vc_single_image-img attachment-full\" alt=\"\" title=\"RIO-SERRANO-14\" srcset=\"https:\/\/themassif.com\/wp-content\/uploads\/2025\/10\/RIO-SERRANO-14.webp 1920w, https:\/\/themassif.com\/wp-content\/uploads\/2025\/10\/RIO-SERRANO-14-240x300.webp 240w, https:\/\/themassif.com\/wp-content\/uploads\/2025\/10\/RIO-SERRANO-14-819x1024.webp 819w, https:\/\/themassif.com\/wp-content\/uploads\/2025\/10\/RIO-SERRANO-14-768x960.webp 768w, https:\/\/themassif.com\/wp-content\/uploads\/2025\/10\/RIO-SERRANO-14-1229x1536.webp 1229w, https:\/\/themassif.com\/wp-content\/uploads\/2025\/10\/RIO-SERRANO-14-1638x2048.webp 1638w\" sizes=\"auto, (max-width: 1920px) 100vw, 1920px\" \/><\/div>\n\t\t<\/figure>\n\t<\/div>\n<\/div><\/div><\/div><\/div>\t\t<\/div><\/div><\/div><\/div><\/div><div class=\"wpb_column vc_column_container vc_col-sm-6\"><div class=\"vc_column-inner\"><div class=\"wpb_wrapper\"><div class=\"vc_empty_space\"   style=\"height: 40px\"><span class=\"vc_empty_space_inner\"><\/span><\/div>\n\t<div class=\"wpb_video_widget wpb_content_element vc_clearfix   vc_video-aspect-ratio-169 vc_video-el-width-100 vc_video-align-left\" >\n\t\t<div class=\"wpb_wrapper\">\n\t\t\t\n\t\t\t<div class=\"wpb_video_wrapper\"><iframe loading=\"lazy\" title=\"Tour Base Torres - An Unforgettable Experience in Torres del Paine National Park | The Massif\" width=\"413\" height=\"310\" src=\"https:\/\/www.youtube.com\/embed\/xG6KUsCHINA?feature=oembed\" frameborder=\"0\" allow=\"accelerometer; autoplay; clipboard-write; encrypted-media; gyroscope; picture-in-picture; web-share\" referrerpolicy=\"strict-origin-when-cross-origin\" allowfullscreen><\/iframe><\/div>\n\t\t<\/div>\n\t<\/div>\n<\/div><\/div><\/div><\/div><div class=\"vc_row wpb_row vc_row-fluid\"><div class=\"wpb_animate_when_almost_visible wpb_fadeInUp fadeInUp wpb_column vc_column_container vc_col-sm-6 vc_hidden-md vc_hidden-sm vc_hidden-xs\"><div class=\"vc_column-inner vc_custom_1765978603842\"><div class=\"wpb_wrapper\"><h5 style=\"text-align: right\" class=\"vc_custom_heading vc_do_custom_heading wpb_animate_when_almost_visible wpb_fadeInLeft fadeInLeft\" >Experience in Torres del Paine National Park<\/h5><p style=\"text-align: right\" class=\"vc_custom_heading vc_do_custom_heading wpb_animate_when_almost_visible wpb_linesAnimIn linesAnimIn\" >Get an overview of the tour and get ready to experience one of the most challenging and emblematic hikes in Torres del Paine National Park, a journey that combines effort, nature and breathtaking views of the iconic granite towers.<\/p><div class=\"vc_btn3-container vc_btn3-right vc_do_btn\" ><a style=\"background-color:#111111; color:#ffffff;\" class=\"vc_general vc_btn3 vc_btn3-size-md vc_btn3-shape-rounded vc_btn3-style-custom\" href=\"https:\/\/themassif.com\/wp-content\/uploads\/2026\/01\/CALENDARS-25_26.pdf\" title=\"\" target=\"_blank\">See calendar<\/a><\/div><div class=\"vc_empty_space\"   style=\"height: 40px\"><span class=\"vc_empty_space_inner\"><\/span><\/div><\/div><\/div><\/div><div class=\"wpb_column vc_column_container vc_col-sm-6\"><div class=\"vc_column-inner\"><div class=\"wpb_wrapper\"><div class=\"vc_empty_space\"   style=\"height: 40px\"><span class=\"vc_empty_space_inner\"><\/span><\/div><\/div><\/div><\/div><\/div><div class=\"vc_row wpb_row vc_row-fluid wide-ipad wpb_animate_when_almost_visible wpb_fadeInUpShort fadeInUpShort vc_row-o-equal-height vc_row-o-content-middle vc_row-flex\"><div class=\"wpb_column vc_column_container vc_col-sm-12\"><div class=\"vc_column-inner\"><div class=\"wpb_wrapper\"><div class=\"ult-spacer spacer-69e47b7530f03\" data-id=\"69e47b7530f03\" data-height=\"40\" data-height-mobile=\"100\" data-height-tab=\"\" data-height-tab-portrait=\"120\" data-height-mobile-landscape=\"100\" style=\"clear:both;display:block;\"><\/div><div data-rellax-speed=\"0.7\" data-rellax-percentage=\"0.7\" data-splitting=\"chars\" class=\"vc_row wpb_row vc_inner vc_row-fluid\"><div class=\"wpb_column vc_column_container vc_col-sm-12\"><div class=\"vc_column-inner\"><div class=\"wpb_wrapper\"><h2 style=\"color: #ffffff;text-align: center\" class=\"vc_custom_heading vc_do_custom_heading wpb_animate_when_almost_visible wpb_charsAnimInLong-1 charsAnimInLong-1\" >RECOMMENDED EQUIPMENT<\/h2>\n\t<div  class=\"parallax-mousemove wpb_single_image wpb_content_element vc_align_center\">\n\t\t\n\t\t\n\t\t<figure class=\"wpb_wrapper vc_figure wpb_animate_when_almost_visible wpb_zoomIn zoomIn\">\n\t\t\t<div class=\"vc_single_image-wrapper   vc_box_border_grey\"><img decoding=\"async\" class=\"vc_single_image-img\" src=\"https:\/\/themassif.com\/wp-content\/uploads\/2026\/01\/ingles-indumentaria-scaled.webp\" width=\"700\" height=\"700\" alt=\"WHITE EQUIPMENT\" title=\"WHITE EQUIPMENT\" loading=\"lazy\" \/><\/div>\n\t\t<\/figure>\n\t<\/div>\n<\/div><\/div><\/div><\/div><\/div><\/div><\/div><\/div><!-- Row Backgrounds --><div class=\"upb_bg_img\" data-ultimate-bg=\"url(https:\/\/themassif.com\/wp-content\/uploads\/2025\/08\/DSC1710.webp)\" data-image-id=\"id^5441|url^https:\/\/themassif.com\/wp-content\/uploads\/2025\/08\/DSC1710.webp|caption^null|alt^null|title^DSC1710|description^null\" data-ultimate-bg-style=\"vcpb-default\" data-bg-img-repeat=\"no-repeat\" data-bg-img-size=\"cover\" data-bg-img-position=\"\" data-parallx_sense=\"30\" data-bg-override=\"ex-full\" data-bg_img_attach=\"scroll\" data-upb-overlay-color=\"rgba(17,17,17,0.7)\" data-upb-bg-animation=\"\" data-fadeout=\"\" data-bg-animation=\"left-animation\" data-bg-animation-type=\"h\" data-animation-repeat=\"repeat\" data-fadeout-percentage=\"30\" data-parallax-content=\"\" data-parallax-content-sense=\"30\" data-row-effect-mobile-disable=\"true\" data-img-parallax-mobile-disable=\"true\" data-rtl=\"false\"  data-custom-vc-row=\"\"  data-vc=\"8.5\"  data-is_old_vc=\"\"  data-theme-support=\"\"   data-overlay=\"true\" data-overlay-color=\"rgba(17,17,17,0.7)\" data-overlay-pattern=\"\" data-overlay-pattern-opacity=\"0.8\" data-overlay-pattern-size=\"\" data-overlay-pattern-attachment=\"scroll\"    ><\/div><div class=\"vc_row wpb_row vc_row-fluid vc_custom_1760643047969\"><div class=\"wpb_animate_when_almost_visible wpb_fadeIn fadeIn wpb_column vc_column_container vc_col-sm-2\"><div class=\"vc_column-inner\"><div class=\"wpb_wrapper\"><\/div><\/div><\/div><div class=\"wpb_animate_when_almost_visible wpb_fadeInUpShort fadeInUpShort wpb_column vc_column_container vc_col-sm-8\"><div class=\"vc_column-inner\"><div class=\"wpb_wrapper\"><div class=\"ult-spacer spacer-69e47b7532b3e\" data-id=\"69e47b7532b3e\" data-height=\"120\" data-height-mobile=\"80\" data-height-tab=\"\" data-height-tab-portrait=\"\" data-height-mobile-landscape=\"80\" style=\"clear:both;display:block;\"><\/div><div data-rellax-speed=\"0.7\" data-rellax-percentage=\"0.7\" data-splitting=\"chars\" class=\"vc_row wpb_row vc_inner vc_row-fluid wide-ipad\"><div class=\"wpb_column vc_column_container vc_col-sm-2\"><div class=\"vc_column-inner\"><div class=\"wpb_wrapper\"><\/div><\/div><\/div><div class=\"wpb_column vc_column_container vc_col-sm-8\"><div class=\"vc_column-inner\"><div class=\"wpb_wrapper\"><h2 style=\"color: #ffffff;text-align: center\" class=\"vc_custom_heading vc_do_custom_heading wpb_animate_when_almost_visible wpb_charsAnimInLong-1 charsAnimInLong-1\" >Schedule your next experience<\/h2><\/div><\/div><\/div><div class=\"wpb_column vc_column_container vc_col-sm-2\"><div class=\"vc_column-inner\"><div class=\"wpb_wrapper\"><\/div><\/div><\/div><\/div><div class=\"vc_empty_space\"   style=\"height: 10px\"><span class=\"vc_empty_space_inner\"><\/span><\/div><div data-rellax-speed=\"0.7\" data-rellax-percentage=\"0.7\" data-splitting=\"chars\" class=\"vc_row wpb_row vc_inner vc_row-fluid wide-ipad\"><div class=\"wpb_column vc_column_container vc_col-sm-3\"><div class=\"vc_column-inner\"><div class=\"wpb_wrapper\"><\/div><\/div><\/div><div class=\"wpb_column vc_column_container vc_col-sm-6\"><div class=\"vc_column-inner\"><div class=\"wpb_wrapper\"><p style=\"color: #dddddd;text-align: center\" class=\"vc_custom_heading vc_do_custom_heading\" >Plan your transfer to R\u00edo Serrano Hotel or coordinate your next excursion within Torres del Paine National Park.<\/p><\/div><\/div><\/div><div class=\"wpb_column vc_column_container vc_col-sm-3\"><div class=\"vc_column-inner\"><div class=\"wpb_wrapper\"><\/div><\/div><\/div><\/div><div class=\"vc_empty_space\"   style=\"height: 40px\"><span class=\"vc_empty_space_inner\"><\/span><\/div><div class=\"vc_btn3-container  white-button vc_btn3-center vc_do_btn\" ><a style=\"background-color:#ffffff; color:#111111;\" class=\"vc_general vc_btn3 vc_btn3-size-md vc_btn3-shape-round vc_btn3-style-custom\" href=\"https:\/\/themassif.com\/en\/contact\/\" title=\"Contact\">CONTACT US<\/a><\/div><div class=\"ult-spacer spacer-69e47b7533e46\" data-id=\"69e47b7533e46\" data-height=\"120\" data-height-mobile=\"80\" data-height-tab=\"\" data-height-tab-portrait=\"\" data-height-mobile-landscape=\"80\" style=\"clear:both;display:block;\"><\/div><\/div><\/div><\/div><div class=\"wpb_column vc_column_container vc_col-sm-2\"><div class=\"vc_column-inner\"><div class=\"wpb_wrapper\"><\/div><\/div><\/div><\/div><!-- Row Backgrounds --><div class=\"upb_bg_img\" data-ultimate-bg=\"url(https:\/\/themassif.com\/wp-content\/uploads\/2025\/10\/the-massif-auto.webp)\" data-image-id=\"id^5751|url^https:\/\/themassif.com\/wp-content\/uploads\/2025\/10\/the-massif-auto.webp|caption^null|alt^null|title^the massif auto|description^null\" data-ultimate-bg-style=\"vcpb-hz-jquery\" data-bg-img-repeat=\"repeat\" data-bg-img-size=\"cover\" data-bg-img-position=\"\" data-parallx_sense=\"30\" data-bg-override=\"full\" data-bg_img_attach=\"fixed\" data-upb-overlay-color=\"rgba(17,17,17,0.35)\" data-upb-bg-animation=\"\" data-fadeout=\"\" data-bg-animation=\"left-animation\" data-bg-animation-type=\"h\" data-animation-repeat=\"repeat\" data-fadeout-percentage=\"30\" data-parallax-content=\"\" data-parallax-content-sense=\"30\" data-row-effect-mobile-disable=\"true\" data-img-parallax-mobile-disable=\"true\" data-rtl=\"false\"  data-custom-vc-row=\"\"  data-vc=\"8.5\"  data-is_old_vc=\"\"  data-theme-support=\"\"   data-overlay=\"true\" data-overlay-color=\"rgba(17,17,17,0.35)\" data-overlay-pattern=\"\" data-overlay-pattern-opacity=\"0.8\" data-overlay-pattern-size=\"\" data-overlay-pattern-attachment=\"scroll\"    ><\/div>\n<\/div>","protected":false},"excerpt":{"rendered":"UN CL\u00c1SICO DESAF\u00cdO PATAG\u00d3NICOBASE TORRES Full Day 12 - 13 Hrs \/ 22km 120 - 875 M.S.N.M Dificultad Alta Descripci\u00f3n de la experiencia Una de las excursiones m\u00e1s exigentes y parte del famoso circuito W del macizo Paine. Nos trasladaremos hacia el noreste del Parque Nacional Torres del Paine hasta llegar a Estancia Cerro Paine, [...]","protected":false},"author":1,"featured_media":0,"parent":0,"menu_order":0,"comment_status":"closed","ping_status":"closed","template":"page.php","meta":{"footnotes":""},"class_list":["post-5549","page","type-page","status-publish","hentry"],"_links":{"self":[{"href":"https:\/\/themassif.com\/en\/wp-json\/wp\/v2\/pages\/5549","targetHints":{"allow":["GET"]}}],"collection":[{"href":"https:\/\/themassif.com\/en\/wp-json\/wp\/v2\/pages"}],"about":[{"href":"https:\/\/themassif.com\/en\/wp-json\/wp\/v2\/types\/page"}],"author":[{"embeddable":true,"href":"https:\/\/themassif.com\/en\/wp-json\/wp\/v2\/users\/1"}],"replies":[{"embeddable":true,"href":"https:\/\/themassif.com\/en\/wp-json\/wp\/v2\/comments?post=5549"}],"version-history":[{"count":86,"href":"https:\/\/themassif.com\/en\/wp-json\/wp\/v2\/pages\/5549\/revisions"}],"predecessor-version":[{"id":6213,"href":"https:\/\/themassif.com\/en\/wp-json\/wp\/v2\/pages\/5549\/revisions\/6213"}],"wp:attachment":[{"href":"https:\/\/themassif.com\/en\/wp-json\/wp\/v2\/media?parent=5549"}],"curies":[{"name":"wp","href":"https:\/\/api.w.org\/{rel}","templated":true}]}}